{"id":6,"date":"2013-10-07T08:46:04","date_gmt":"2013-10-07T13:46:04","guid":{"rendered":"http:\/\/www.bienaleditora.com.br\/site\/?page_id=6"},"modified":"2014-01-15T07:47:43","modified_gmt":"2014-01-15T12:47:43","slug":"quem-somos","status":"publish","type":"page","link":"https:\/\/www.bienaleditora.com.br\/site\/quem-somos\/","title":{"rendered":"Quem Somos"},"content":{"rendered":"<p>Uma editora jovem, n\u00e3o s\u00f3 na idade \u2014 afinal foi fundada em dezembro de 2012 \u2014 mas no esp\u00edrito inovador de optar pela publica\u00e7\u00e3o de fic\u00e7\u00e3o e n\u00e3o fic\u00e7\u00e3o priorizando a qualidade, e n\u00e3o a quantidade de lan\u00e7amentos. Essa \u00e9 a marca da Bienal Editora, cujo cat\u00e1logo re\u00fane t\u00edtulos cuidadosamente selecionados, dotados de uma voca\u00e7\u00e3o rara: conjugar valor liter\u00e1rio e sucesso comercial.<\/p>\n<p><a href=\"http:\/\/www.bienaleditora.com.br\/site\/wp-content\/uploads\/2014\/01\/zozimochamada.jpg\"><img fetchpriority=\"high\" decoding=\"async\" class=\"aligncenter size-full wp-image-560\" alt=\"zozimochamada\" src=\"http:\/\/www.bienaleditora.com.br\/site\/wp-content\/uploads\/2014\/01\/zozimochamada.jpg\" width=\"890\" height=\"329\" srcset=\"https:\/\/www.bienaleditora.com.br\/site\/wp-content\/uploads\/2014\/01\/zozimochamada.jpg 890w, https:\/\/www.bienaleditora.com.br\/site\/wp-content\/uploads\/2014\/01\/zozimochamada-600x222.jpg 600w, https:\/\/www.bienaleditora.com.br\/site\/wp-content\/uploads\/2014\/01\/zozimochamada-300x110.jpg 300w\" sizes=\"(max-width: 890px) 100vw, 890px\" \/><\/a><\/p>\n<p>Uma editora jovem, n\u00e3o s\u00f3 na idade \u2014 afinal foi fundada em dezembro de 2012 \u2014 mas no esp\u00edrito inovador de optar pela publica\u00e7\u00e3o de fic\u00e7\u00e3o e n\u00e3o fic\u00e7\u00e3o priorizando a qualidade, e n\u00e3o a quantidade de lan\u00e7amentos. Essa \u00e9 a marca da Bienal Editora, cujo cat\u00e1logo re\u00fane t\u00edtulos cuidadosamente selecionados, dotados de uma voca\u00e7\u00e3o rara: conjugar valor liter\u00e1rio e sucesso comercial.<\/p>\n<p>Uma editora jovem, n\u00e3o s\u00f3 na idade \u2014 afinal foi fundada em dezembro de 2012 \u2014 mas no esp\u00edrito inovador de optar pela publica\u00e7\u00e3o de fic\u00e7\u00e3o e n\u00e3o fic\u00e7\u00e3o priorizando a qualidade, e n\u00e3o a quantidade de lan\u00e7amentos. Essa \u00e9 a marca da Bienal Editora, cujo cat\u00e1logo re\u00fane t\u00edtulos cuidadosamente selecionados, dotados de uma voca\u00e7\u00e3o rara: conjugar valor liter\u00e1rio e sucesso comercial.<\/p>\n","protected":false},"excerpt":{"rendered":"<p>Uma editora jovem, n\u00e3o s\u00f3 na idade \u2014 afinal foi fundada em dezembro de 2012 \u2014 mas no esp\u00edrito inovador de optar pela publica\u00e7\u00e3o de fic\u00e7\u00e3o e n\u00e3o fic\u00e7\u00e3o priorizando a qualidade, e n\u00e3o a quantidade de lan\u00e7amentos. Essa \u00e9 a marca da Bienal Editora, cujo cat\u00e1logo re\u00fane t\u00edtulos cuidadosamente selecionados, dotados de uma voca\u00e7\u00e3o [&hellip;]<\/p>\n","protected":false},"author":1,"featured_media":0,"parent":0,"menu_order":0,"comment_status":"open","ping_status":"open","template":"","meta":{"_acf_changed":false,"footnotes":""},"class_list":["post-6","page","type-page","status-publish","hentry"],"acf":[],"yoast_head":"<!-- This site is optimized with the Yoast SEO plugin v26.7 - https:\/\/yoast.com\/wordpress\/plugins\/seo\/ -->\n<title>Quem Somos - Bienal Editora<\/title>\n<meta name=\"robots\" content=\"index, follow, max-snippet:-1, max-image-preview:large, max-video-preview:-1\" \/>\n<link rel=\"canonical\" href=\"https:\/\/www.bienaleditora.com.br\/site\/quem-somos\/\" \/>\n<meta property=\"og:locale\" content=\"pt_BR\" \/>\n<meta property=\"og:type\" content=\"article\" \/>\n<meta property=\"og:title\" content=\"Quem Somos - Bienal Editora\" \/>\n<meta property=\"og:description\" content=\"Uma editora jovem, n\u00e3o s\u00f3 na idade \u2014 afinal foi fundada em dezembro de 2012 \u2014 mas no esp\u00edrito inovador de optar pela publica\u00e7\u00e3o de fic\u00e7\u00e3o e n\u00e3o fic\u00e7\u00e3o priorizando a qualidade, e n\u00e3o a quantidade de lan\u00e7amentos. Essa \u00e9 a marca da Bienal Editora, cujo cat\u00e1logo re\u00fane t\u00edtulos cuidadosamente selecionados, dotados de uma voca\u00e7\u00e3o [&hellip;]\" \/>\n<meta property=\"og:url\" content=\"https:\/\/www.bienaleditora.com.br\/site\/quem-somos\/\" \/>\n<meta property=\"og:site_name\" content=\"Bienal Editora\" \/>\n<meta property=\"article:modified_time\" content=\"2014-01-15T12:47:43+00:00\" \/>\n<meta property=\"og:image\" content=\"http:\/\/www.bienaleditora.com.br\/site\/wp-content\/uploads\/2014\/01\/zozimochamada.jpg\" \/>\n<meta name=\"twitter:card\" content=\"summary_large_image\" \/>\n<meta name=\"twitter:label1\" content=\"Est. tempo de leitura\" \/>\n\t<meta name=\"twitter:data1\" content=\"1 minuto\" \/>\n<script type=\"application\/ld+json\" class=\"yoast-schema-graph\">{\"@context\":\"https:\/\/schema.org\",\"@graph\":[{\"@type\":\"WebPage\",\"@id\":\"https:\/\/www.bienaleditora.com.br\/site\/quem-somos\/\",\"url\":\"https:\/\/www.bienaleditora.com.br\/site\/quem-somos\/\",\"name\":\"Quem Somos - Bienal Editora\",\"isPartOf\":{\"@id\":\"https:\/\/www.bienaleditora.com.br\/site\/#website\"},\"primaryImageOfPage\":{\"@id\":\"https:\/\/www.bienaleditora.com.br\/site\/quem-somos\/#primaryimage\"},\"image\":{\"@id\":\"https:\/\/www.bienaleditora.com.br\/site\/quem-somos\/#primaryimage\"},\"thumbnailUrl\":\"http:\/\/www.bienaleditora.com.br\/site\/wp-content\/uploads\/2014\/01\/zozimochamada.jpg\",\"datePublished\":\"2013-10-07T13:46:04+00:00\",\"dateModified\":\"2014-01-15T12:47:43+00:00\",\"breadcrumb\":{\"@id\":\"https:\/\/www.bienaleditora.com.br\/site\/quem-somos\/#breadcrumb\"},\"inLanguage\":\"pt-BR\",\"potentialAction\":[{\"@type\":\"ReadAction\",\"target\":[\"https:\/\/www.bienaleditora.com.br\/site\/quem-somos\/\"]}]},{\"@type\":\"ImageObject\",\"inLanguage\":\"pt-BR\",\"@id\":\"https:\/\/www.bienaleditora.com.br\/site\/quem-somos\/#primaryimage\",\"url\":\"http:\/\/www.bienaleditora.com.br\/site\/wp-content\/uploads\/2014\/01\/zozimochamada.jpg\",\"contentUrl\":\"http:\/\/www.bienaleditora.com.br\/site\/wp-content\/uploads\/2014\/01\/zozimochamada.jpg\"},{\"@type\":\"BreadcrumbList\",\"@id\":\"https:\/\/www.bienaleditora.com.br\/site\/quem-somos\/#breadcrumb\",\"itemListElement\":[{\"@type\":\"ListItem\",\"position\":1,\"name\":\"Home\",\"item\":\"https:\/\/www.bienaleditora.com.br\/site\/\"},{\"@type\":\"ListItem\",\"position\":2,\"name\":\"Quem Somos\"}]},{\"@type\":\"WebSite\",\"@id\":\"https:\/\/www.bienaleditora.com.br\/site\/#website\",\"url\":\"https:\/\/www.bienaleditora.com.br\/site\/\",\"name\":\"Bienal Editora\",\"description\":\"Uma editora jovem, n\u00e3o s\u00f3 na idade \u2014 afinal foi fundada em dezembro de 2012 \u2014 mas no esp\u00edrito inovador de optar pela publica\u00e7\u00e3o de fic\u00e7\u00e3o e n\u00e3o fic\u00e7\u00e3o priorizando a qualidade, e n\u00e3o a quantidade de lan\u00e7amentos.\",\"publisher\":{\"@id\":\"https:\/\/www.bienaleditora.com.br\/site\/#organization\"},\"potentialAction\":[{\"@type\":\"SearchAction\",\"target\":{\"@type\":\"EntryPoint\",\"urlTemplate\":\"https:\/\/www.bienaleditora.com.br\/site\/?s={search_term_string}\"},\"query-input\":{\"@type\":\"PropertyValueSpecification\",\"valueRequired\":true,\"valueName\":\"search_term_string\"}}],\"inLanguage\":\"pt-BR\"},{\"@type\":\"Organization\",\"@id\":\"https:\/\/www.bienaleditora.com.br\/site\/#organization\",\"name\":\"Bienal Editora\",\"url\":\"https:\/\/www.bienaleditora.com.br\/site\/\",\"logo\":{\"@type\":\"ImageObject\",\"inLanguage\":\"pt-BR\",\"@id\":\"https:\/\/www.bienaleditora.com.br\/site\/#\/schema\/logo\/image\/\",\"url\":\"https:\/\/www.bienaleditora.com.br\/site\/wp-content\/uploads\/2014\/01\/logomarca_png.png\",\"contentUrl\":\"https:\/\/www.bienaleditora.com.br\/site\/wp-content\/uploads\/2014\/01\/logomarca_png.png\",\"width\":145,\"height\":79,\"caption\":\"Bienal Editora\"},\"image\":{\"@id\":\"https:\/\/www.bienaleditora.com.br\/site\/#\/schema\/logo\/image\/\"}}]}<\/script>\n<!-- \/ Yoast SEO plugin. -->","yoast_head_json":{"title":"Quem Somos - Bienal Editora","robots":{"index":"index","follow":"follow","max-snippet":"max-snippet:-1","max-image-preview":"max-image-preview:large","max-video-preview":"max-video-preview:-1"},"canonical":"https:\/\/www.bienaleditora.com.br\/site\/quem-somos\/","og_locale":"pt_BR","og_type":"article","og_title":"Quem Somos - Bienal Editora","og_description":"Uma editora jovem, n\u00e3o s\u00f3 na idade \u2014 afinal foi fundada em dezembro de 2012 \u2014 mas no esp\u00edrito inovador de optar pela publica\u00e7\u00e3o de fic\u00e7\u00e3o e n\u00e3o fic\u00e7\u00e3o priorizando a qualidade, e n\u00e3o a quantidade de lan\u00e7amentos. Essa \u00e9 a marca da Bienal Editora, cujo cat\u00e1logo re\u00fane t\u00edtulos cuidadosamente selecionados, dotados de uma voca\u00e7\u00e3o [&hellip;]","og_url":"https:\/\/www.bienaleditora.com.br\/site\/quem-somos\/","og_site_name":"Bienal Editora","article_modified_time":"2014-01-15T12:47:43+00:00","og_image":[{"url":"http:\/\/www.bienaleditora.com.br\/site\/wp-content\/uploads\/2014\/01\/zozimochamada.jpg","type":"","width":"","height":""}],"twitter_card":"summary_large_image","twitter_misc":{"Est. tempo de leitura":"1 minuto"},"schema":{"@context":"https:\/\/schema.org","@graph":[{"@type":"WebPage","@id":"https:\/\/www.bienaleditora.com.br\/site\/quem-somos\/","url":"https:\/\/www.bienaleditora.com.br\/site\/quem-somos\/","name":"Quem Somos - Bienal Editora","isPartOf":{"@id":"https:\/\/www.bienaleditora.com.br\/site\/#website"},"primaryImageOfPage":{"@id":"https:\/\/www.bienaleditora.com.br\/site\/quem-somos\/#primaryimage"},"image":{"@id":"https:\/\/www.bienaleditora.com.br\/site\/quem-somos\/#primaryimage"},"thumbnailUrl":"http:\/\/www.bienaleditora.com.br\/site\/wp-content\/uploads\/2014\/01\/zozimochamada.jpg","datePublished":"2013-10-07T13:46:04+00:00","dateModified":"2014-01-15T12:47:43+00:00","breadcrumb":{"@id":"https:\/\/www.bienaleditora.com.br\/site\/quem-somos\/#breadcrumb"},"inLanguage":"pt-BR","potentialAction":[{"@type":"ReadAction","target":["https:\/\/www.bienaleditora.com.br\/site\/quem-somos\/"]}]},{"@type":"ImageObject","inLanguage":"pt-BR","@id":"https:\/\/www.bienaleditora.com.br\/site\/quem-somos\/#primaryimage","url":"http:\/\/www.bienaleditora.com.br\/site\/wp-content\/uploads\/2014\/01\/zozimochamada.jpg","contentUrl":"http:\/\/www.bienaleditora.com.br\/site\/wp-content\/uploads\/2014\/01\/zozimochamada.jpg"},{"@type":"BreadcrumbList","@id":"https:\/\/www.bienaleditora.com.br\/site\/quem-somos\/#breadcrumb","itemListElement":[{"@type":"ListItem","position":1,"name":"Home","item":"https:\/\/www.bienaleditora.com.br\/site\/"},{"@type":"ListItem","position":2,"name":"Quem Somos"}]},{"@type":"WebSite","@id":"https:\/\/www.bienaleditora.com.br\/site\/#website","url":"https:\/\/www.bienaleditora.com.br\/site\/","name":"Bienal Editora","description":"Uma editora jovem, n\u00e3o s\u00f3 na idade \u2014 afinal foi fundada em dezembro de 2012 \u2014 mas no esp\u00edrito inovador de optar pela publica\u00e7\u00e3o de fic\u00e7\u00e3o e n\u00e3o fic\u00e7\u00e3o priorizando a qualidade, e n\u00e3o a quantidade de lan\u00e7amentos.","publisher":{"@id":"https:\/\/www.bienaleditora.com.br\/site\/#organization"},"potentialAction":[{"@type":"SearchAction","target":{"@type":"EntryPoint","urlTemplate":"https:\/\/www.bienaleditora.com.br\/site\/?s={search_term_string}"},"query-input":{"@type":"PropertyValueSpecification","valueRequired":true,"valueName":"search_term_string"}}],"inLanguage":"pt-BR"},{"@type":"Organization","@id":"https:\/\/www.bienaleditora.com.br\/site\/#organization","name":"Bienal Editora","url":"https:\/\/www.bienaleditora.com.br\/site\/","logo":{"@type":"ImageObject","inLanguage":"pt-BR","@id":"https:\/\/www.bienaleditora.com.br\/site\/#\/schema\/logo\/image\/","url":"https:\/\/www.bienaleditora.com.br\/site\/wp-content\/uploads\/2014\/01\/logomarca_png.png","contentUrl":"https:\/\/www.bienaleditora.com.br\/site\/wp-content\/uploads\/2014\/01\/logomarca_png.png","width":145,"height":79,"caption":"Bienal Editora"},"image":{"@id":"https:\/\/www.bienaleditora.com.br\/site\/#\/schema\/logo\/image\/"}}]}},"_links":{"self":[{"href":"https:\/\/www.bienaleditora.com.br\/site\/wp-json\/wp\/v2\/pages\/6","targetHints":{"allow":["GET"]}}],"collection":[{"href":"https:\/\/www.bienaleditora.com.br\/site\/wp-json\/wp\/v2\/pages"}],"about":[{"href":"https:\/\/www.bienaleditora.com.br\/site\/wp-json\/wp\/v2\/types\/page"}],"author":[{"embeddable":true,"href":"https:\/\/www.bienaleditora.com.br\/site\/wp-json\/wp\/v2\/users\/1"}],"replies":[{"embeddable":true,"href":"https:\/\/www.bienaleditora.com.br\/site\/wp-json\/wp\/v2\/comments?post=6"}],"version-history":[{"count":2,"href":"https:\/\/www.bienaleditora.com.br\/site\/wp-json\/wp\/v2\/pages\/6\/revisions"}],"predecessor-version":[{"id":578,"href":"https:\/\/www.bienaleditora.com.br\/site\/wp-json\/wp\/v2\/pages\/6\/revisions\/578"}],"wp:attachment":[{"href":"https:\/\/www.bienaleditora.com.br\/site\/wp-json\/wp\/v2\/media?parent=6"}],"curies":[{"name":"wp","href":"https:\/\/api.w.org\/{rel}","templated":true}]}}