{"id":2623,"date":"2019-12-11T12:57:11","date_gmt":"2019-12-11T15:57:11","guid":{"rendered":"https:\/\/www.bienaleditora.com.br\/site\/?post_type=product&#038;p=2623"},"modified":"2023-01-02T08:46:42","modified_gmt":"2023-01-02T11:46:42","slug":"nadanca-dos-peixes-antologia-provisoria","status":"publish","type":"product","link":"https:\/\/www.bienaleditora.com.br\/site\/produto\/nadanca-dos-peixes-antologia-provisoria\/","title":{"rendered":"Nadan\u00e7a dos Peixes &#8211; Antologia Provis\u00f3ria"},"content":{"rendered":"<p style=\"text-align: justify;\">Com seu estilo original e leve, William Melo Soares pratica uma po\u00e9tica socioambiental singular, em uma \u00e9poca de graves amea\u00e7as ao planeta. Tamb\u00e9m navega sereno pelo lirismo. Conforme Cineas Santos, a mat\u00e9ria- prima que utiliza em seus poemas n\u00e3o requer maior sacrif\u00edcio para ser encontrada: est\u00e1 presente nas coisas aparentemente desimportantes que povoam o cotidiano de todos n\u00f3s. Este livro \u00e9 uma antologia provis\u00f3ria de sua po\u00e9tica.<\/p>\n","protected":false},"excerpt":{"rendered":"<p>Com seu estilo original e leve, William Melo Soares pratica uma po\u00e9tica socioambiental singular, em uma \u00e9poca de graves amea\u00e7as ao planeta. Tamb\u00e9m navega sereno pelo lirismo. Conforme Cineas Santos, a mat\u00e9ria- prima que utiliza em seus poemas n\u00e3o requer maior sacrif\u00edcio para ser encontrada: est\u00e1 presente nas coisas aparentemente desimportantes que povoam o cotidiano [&hellip;]<\/p>\n","protected":false},"featured_media":2624,"comment_status":"closed","ping_status":"closed","template":"","meta":{"_acf_changed":false},"product_brand":[],"product_cat":[96],"product_tag":[97],"class_list":{"0":"post-2623","1":"product","2":"type-product","3":"status-publish","4":"has-post-thumbnail","6":"product_cat-poesia","7":"product_tag-na-danca-dos-peixes","9":"first","10":"instock","11":"shipping-taxable","12":"purchasable","13":"product-type-simple"},"acf":[],"yoast_head":"<!-- This site is optimized with the Yoast SEO plugin v26.7 - https:\/\/yoast.com\/wordpress\/plugins\/seo\/ -->\n<title>Nadan\u00e7a dos Peixes - Antologia Provis\u00f3ria - Bienal Editora<\/title>\n<meta name=\"robots\" content=\"index, follow, max-snippet:-1, max-image-preview:large, max-video-preview:-1\" \/>\n<link rel=\"canonical\" href=\"https:\/\/www.bienaleditora.com.br\/site\/produto\/nadanca-dos-peixes-antologia-provisoria\/\" \/>\n<meta property=\"og:locale\" content=\"pt_BR\" \/>\n<meta property=\"og:type\" content=\"article\" \/>\n<meta property=\"og:title\" content=\"Nadan\u00e7a dos Peixes - Antologia Provis\u00f3ria - Bienal Editora\" \/>\n<meta property=\"og:description\" content=\"Com seu estilo original e leve, William Melo Soares pratica uma po\u00e9tica socioambiental singular, em uma \u00e9poca de graves amea\u00e7as ao planeta. Tamb\u00e9m navega sereno pelo lirismo. Conforme Cineas Santos, a mat\u00e9ria- prima que utiliza em seus poemas n\u00e3o requer maior sacrif\u00edcio para ser encontrada: est\u00e1 presente nas coisas aparentemente desimportantes que povoam o cotidiano [&hellip;]\" \/>\n<meta property=\"og:url\" content=\"https:\/\/www.bienaleditora.com.br\/site\/produto\/nadanca-dos-peixes-antologia-provisoria\/\" \/>\n<meta property=\"og:site_name\" content=\"Bienal Editora\" \/>\n<meta property=\"article:modified_time\" content=\"2023-01-02T11:46:42+00:00\" \/>\n<meta property=\"og:image\" content=\"https:\/\/www.bienaleditora.com.br\/site\/wp-content\/uploads\/2019\/12\/peixes-s.jpg\" \/>\n\t<meta property=\"og:image:width\" content=\"210\" \/>\n\t<meta property=\"og:image:height\" content=\"299\" \/>\n\t<meta property=\"og:image:type\" content=\"image\/jpeg\" \/>\n<meta name=\"twitter:card\" content=\"summary_large_image\" \/>\n<script type=\"application\/ld+json\" class=\"yoast-schema-graph\">{\"@context\":\"https:\/\/schema.org\",\"@graph\":[{\"@type\":\"WebPage\",\"@id\":\"https:\/\/www.bienaleditora.com.br\/site\/produto\/nadanca-dos-peixes-antologia-provisoria\/\",\"url\":\"https:\/\/www.bienaleditora.com.br\/site\/produto\/nadanca-dos-peixes-antologia-provisoria\/\",\"name\":\"Nadan\u00e7a dos Peixes - Antologia Provis\u00f3ria - Bienal Editora\",\"isPartOf\":{\"@id\":\"https:\/\/www.bienaleditora.com.br\/site\/#website\"},\"primaryImageOfPage\":{\"@id\":\"https:\/\/www.bienaleditora.com.br\/site\/produto\/nadanca-dos-peixes-antologia-provisoria\/#primaryimage\"},\"image\":{\"@id\":\"https:\/\/www.bienaleditora.com.br\/site\/produto\/nadanca-dos-peixes-antologia-provisoria\/#primaryimage\"},\"thumbnailUrl\":\"https:\/\/www.bienaleditora.com.br\/site\/wp-content\/uploads\/2019\/12\/peixes-s.jpg\",\"datePublished\":\"2019-12-11T15:57:11+00:00\",\"dateModified\":\"2023-01-02T11:46:42+00:00\",\"breadcrumb\":{\"@id\":\"https:\/\/www.bienaleditora.com.br\/site\/produto\/nadanca-dos-peixes-antologia-provisoria\/#breadcrumb\"},\"inLanguage\":\"pt-BR\",\"potentialAction\":[{\"@type\":\"ReadAction\",\"target\":[\"https:\/\/www.bienaleditora.com.br\/site\/produto\/nadanca-dos-peixes-antologia-provisoria\/\"]}]},{\"@type\":\"ImageObject\",\"inLanguage\":\"pt-BR\",\"@id\":\"https:\/\/www.bienaleditora.com.br\/site\/produto\/nadanca-dos-peixes-antologia-provisoria\/#primaryimage\",\"url\":\"https:\/\/www.bienaleditora.com.br\/site\/wp-content\/uploads\/2019\/12\/peixes-s.jpg\",\"contentUrl\":\"https:\/\/www.bienaleditora.com.br\/site\/wp-content\/uploads\/2019\/12\/peixes-s.jpg\",\"width\":210,\"height\":299},{\"@type\":\"BreadcrumbList\",\"@id\":\"https:\/\/www.bienaleditora.com.br\/site\/produto\/nadanca-dos-peixes-antologia-provisoria\/#breadcrumb\",\"itemListElement\":[{\"@type\":\"ListItem\",\"position\":1,\"name\":\"Home\",\"item\":\"https:\/\/www.bienaleditora.com.br\/site\/\"},{\"@type\":\"ListItem\",\"position\":2,\"name\":\"Loja\",\"item\":\"https:\/\/www.bienaleditora.com.br\/site\/loja\/\"},{\"@type\":\"ListItem\",\"position\":3,\"name\":\"Nadan\u00e7a dos Peixes &#8211; Antologia Provis\u00f3ria\"}]},{\"@type\":\"WebSite\",\"@id\":\"https:\/\/www.bienaleditora.com.br\/site\/#website\",\"url\":\"https:\/\/www.bienaleditora.com.br\/site\/\",\"name\":\"Bienal Editora\",\"description\":\"Uma editora jovem, n\u00e3o s\u00f3 na idade \u2014 afinal foi fundada em dezembro de 2012 \u2014 mas no esp\u00edrito inovador de optar pela publica\u00e7\u00e3o de fic\u00e7\u00e3o e n\u00e3o fic\u00e7\u00e3o priorizando a qualidade, e n\u00e3o a quantidade de lan\u00e7amentos.\",\"publisher\":{\"@id\":\"https:\/\/www.bienaleditora.com.br\/site\/#organization\"},\"potentialAction\":[{\"@type\":\"SearchAction\",\"target\":{\"@type\":\"EntryPoint\",\"urlTemplate\":\"https:\/\/www.bienaleditora.com.br\/site\/?s={search_term_string}\"},\"query-input\":{\"@type\":\"PropertyValueSpecification\",\"valueRequired\":true,\"valueName\":\"search_term_string\"}}],\"inLanguage\":\"pt-BR\"},{\"@type\":\"Organization\",\"@id\":\"https:\/\/www.bienaleditora.com.br\/site\/#organization\",\"name\":\"Bienal Editora\",\"url\":\"https:\/\/www.bienaleditora.com.br\/site\/\",\"logo\":{\"@type\":\"ImageObject\",\"inLanguage\":\"pt-BR\",\"@id\":\"https:\/\/www.bienaleditora.com.br\/site\/#\/schema\/logo\/image\/\",\"url\":\"https:\/\/www.bienaleditora.com.br\/site\/wp-content\/uploads\/2014\/01\/logomarca_png.png\",\"contentUrl\":\"https:\/\/www.bienaleditora.com.br\/site\/wp-content\/uploads\/2014\/01\/logomarca_png.png\",\"width\":145,\"height\":79,\"caption\":\"Bienal Editora\"},\"image\":{\"@id\":\"https:\/\/www.bienaleditora.com.br\/site\/#\/schema\/logo\/image\/\"}}]}<\/script>\n<!-- \/ Yoast SEO plugin. -->","yoast_head_json":{"title":"Nadan\u00e7a dos Peixes - Antologia Provis\u00f3ria - Bienal Editora","robots":{"index":"index","follow":"follow","max-snippet":"max-snippet:-1","max-image-preview":"max-image-preview:large","max-video-preview":"max-video-preview:-1"},"canonical":"https:\/\/www.bienaleditora.com.br\/site\/produto\/nadanca-dos-peixes-antologia-provisoria\/","og_locale":"pt_BR","og_type":"article","og_title":"Nadan\u00e7a dos Peixes - Antologia Provis\u00f3ria - Bienal Editora","og_description":"Com seu estilo original e leve, William Melo Soares pratica uma po\u00e9tica socioambiental singular, em uma \u00e9poca de graves amea\u00e7as ao planeta. Tamb\u00e9m navega sereno pelo lirismo. Conforme Cineas Santos, a mat\u00e9ria- prima que utiliza em seus poemas n\u00e3o requer maior sacrif\u00edcio para ser encontrada: est\u00e1 presente nas coisas aparentemente desimportantes que povoam o cotidiano [&hellip;]","og_url":"https:\/\/www.bienaleditora.com.br\/site\/produto\/nadanca-dos-peixes-antologia-provisoria\/","og_site_name":"Bienal Editora","article_modified_time":"2023-01-02T11:46:42+00:00","og_image":[{"width":210,"height":299,"url":"https:\/\/www.bienaleditora.com.br\/site\/wp-content\/uploads\/2019\/12\/peixes-s.jpg","type":"image\/jpeg"}],"twitter_card":"summary_large_image","schema":{"@context":"https:\/\/schema.org","@graph":[{"@type":"WebPage","@id":"https:\/\/www.bienaleditora.com.br\/site\/produto\/nadanca-dos-peixes-antologia-provisoria\/","url":"https:\/\/www.bienaleditora.com.br\/site\/produto\/nadanca-dos-peixes-antologia-provisoria\/","name":"Nadan\u00e7a dos Peixes - Antologia Provis\u00f3ria - Bienal Editora","isPartOf":{"@id":"https:\/\/www.bienaleditora.com.br\/site\/#website"},"primaryImageOfPage":{"@id":"https:\/\/www.bienaleditora.com.br\/site\/produto\/nadanca-dos-peixes-antologia-provisoria\/#primaryimage"},"image":{"@id":"https:\/\/www.bienaleditora.com.br\/site\/produto\/nadanca-dos-peixes-antologia-provisoria\/#primaryimage"},"thumbnailUrl":"https:\/\/www.bienaleditora.com.br\/site\/wp-content\/uploads\/2019\/12\/peixes-s.jpg","datePublished":"2019-12-11T15:57:11+00:00","dateModified":"2023-01-02T11:46:42+00:00","breadcrumb":{"@id":"https:\/\/www.bienaleditora.com.br\/site\/produto\/nadanca-dos-peixes-antologia-provisoria\/#breadcrumb"},"inLanguage":"pt-BR","potentialAction":[{"@type":"ReadAction","target":["https:\/\/www.bienaleditora.com.br\/site\/produto\/nadanca-dos-peixes-antologia-provisoria\/"]}]},{"@type":"ImageObject","inLanguage":"pt-BR","@id":"https:\/\/www.bienaleditora.com.br\/site\/produto\/nadanca-dos-peixes-antologia-provisoria\/#primaryimage","url":"https:\/\/www.bienaleditora.com.br\/site\/wp-content\/uploads\/2019\/12\/peixes-s.jpg","contentUrl":"https:\/\/www.bienaleditora.com.br\/site\/wp-content\/uploads\/2019\/12\/peixes-s.jpg","width":210,"height":299},{"@type":"BreadcrumbList","@id":"https:\/\/www.bienaleditora.com.br\/site\/produto\/nadanca-dos-peixes-antologia-provisoria\/#breadcrumb","itemListElement":[{"@type":"ListItem","position":1,"name":"Home","item":"https:\/\/www.bienaleditora.com.br\/site\/"},{"@type":"ListItem","position":2,"name":"Loja","item":"https:\/\/www.bienaleditora.com.br\/site\/loja\/"},{"@type":"ListItem","position":3,"name":"Nadan\u00e7a dos Peixes &#8211; Antologia Provis\u00f3ria"}]},{"@type":"WebSite","@id":"https:\/\/www.bienaleditora.com.br\/site\/#website","url":"https:\/\/www.bienaleditora.com.br\/site\/","name":"Bienal Editora","description":"Uma editora jovem, n\u00e3o s\u00f3 na idade \u2014 afinal foi fundada em dezembro de 2012 \u2014 mas no esp\u00edrito inovador de optar pela publica\u00e7\u00e3o de fic\u00e7\u00e3o e n\u00e3o fic\u00e7\u00e3o priorizando a qualidade, e n\u00e3o a quantidade de lan\u00e7amentos.","publisher":{"@id":"https:\/\/www.bienaleditora.com.br\/site\/#organization"},"potentialAction":[{"@type":"SearchAction","target":{"@type":"EntryPoint","urlTemplate":"https:\/\/www.bienaleditora.com.br\/site\/?s={search_term_string}"},"query-input":{"@type":"PropertyValueSpecification","valueRequired":true,"valueName":"search_term_string"}}],"inLanguage":"pt-BR"},{"@type":"Organization","@id":"https:\/\/www.bienaleditora.com.br\/site\/#organization","name":"Bienal Editora","url":"https:\/\/www.bienaleditora.com.br\/site\/","logo":{"@type":"ImageObject","inLanguage":"pt-BR","@id":"https:\/\/www.bienaleditora.com.br\/site\/#\/schema\/logo\/image\/","url":"https:\/\/www.bienaleditora.com.br\/site\/wp-content\/uploads\/2014\/01\/logomarca_png.png","contentUrl":"https:\/\/www.bienaleditora.com.br\/site\/wp-content\/uploads\/2014\/01\/logomarca_png.png","width":145,"height":79,"caption":"Bienal Editora"},"image":{"@id":"https:\/\/www.bienaleditora.com.br\/site\/#\/schema\/logo\/image\/"}}]}},"_links":{"self":[{"href":"https:\/\/www.bienaleditora.com.br\/site\/wp-json\/wp\/v2\/product\/2623","targetHints":{"allow":["GET"]}}],"collection":[{"href":"https:\/\/www.bienaleditora.com.br\/site\/wp-json\/wp\/v2\/product"}],"about":[{"href":"https:\/\/www.bienaleditora.com.br\/site\/wp-json\/wp\/v2\/types\/product"}],"replies":[{"embeddable":true,"href":"https:\/\/www.bienaleditora.com.br\/site\/wp-json\/wp\/v2\/comments?post=2623"}],"wp:featuredmedia":[{"embeddable":true,"href":"https:\/\/www.bienaleditora.com.br\/site\/wp-json\/wp\/v2\/media\/2624"}],"wp:attachment":[{"href":"https:\/\/www.bienaleditora.com.br\/site\/wp-json\/wp\/v2\/media?parent=2623"}],"wp:term":[{"taxonomy":"product_brand","embeddable":true,"href":"https:\/\/www.bienaleditora.com.br\/site\/wp-json\/wp\/v2\/product_brand?post=2623"},{"taxonomy":"product_cat","embeddable":true,"href":"https:\/\/www.bienaleditora.com.br\/site\/wp-json\/wp\/v2\/product_cat?post=2623"},{"taxonomy":"product_tag","embeddable":true,"href":"https:\/\/www.bienaleditora.com.br\/site\/wp-json\/wp\/v2\/product_tag?post=2623"}],"curies":[{"name":"wp","href":"https:\/\/api.w.org\/{rel}","templated":true}]}}