{"id":2681,"date":"2019-09-09T08:43:10","date_gmt":"2019-09-09T11:43:10","guid":{"rendered":"https:\/\/www.bienaleditora.com.br\/site\/?post_type=product&#038;p=2681"},"modified":"2026-01-08T10:57:59","modified_gmt":"2026-01-08T13:57:59","slug":"ze-da-prata-o-poeta-da-satira","status":"publish","type":"product","link":"https:\/\/www.bienaleditora.com.br\/site\/produto\/ze-da-prata-o-poeta-da-satira\/","title":{"rendered":"Z\u00e9 da Prata &#8211; O Poeta da S\u00e1tira"},"content":{"rendered":"<p style=\"text-align: justify;\">Z\u00e9 da Prata, nascido e falecido em Altos, Piau\u00ed, marcou \u00e9poca entre os poetas populares de sua gera\u00e7\u00e3o. Era um improvisador nato, com um versejar sat\u00edrico. Sua tem\u00e1tica \u00e9 diversificada, com predomin\u00e2ncia da cr\u00edtica de costumes, da s\u00e1tira social e pol\u00edtica.<\/p>\n<p style=\"text-align: justify;\">Ele n\u00e3o deixou obras escritas, mas sua poesia permanece viva na tradi\u00e7\u00e3o oral at\u00e9 hoje, 70 anos depois de seu falecimento. Sua veia po\u00e9tica, de marcante irrever\u00eancia, caricaturava a gente e os fatos de seu tempo, num estilo ferino e ir\u00f4nico.<\/p>\n<p style=\"text-align: justify;\">Seus versos carregados de picardia ficaram esparsamente gravados na mem\u00f3ria popular e est\u00e3o reunidos neste livro, a primeira biografia escrita pelo jornalista Z\u00f3zimo Tavares, publicada em 1995, com 2\u00aa. edi\u00e7\u00e3o em 2006.<\/p>\n","protected":false},"excerpt":{"rendered":"<p style=\"text-align: justify;\">Z\u00e9 da Prata, nascido e falecido em Altos, Piau\u00ed, marcou \u00e9poca entre os poetas populares de sua gera\u00e7\u00e3o. Era um improvisador nato, com um versejar sat\u00edrico. Sua tem\u00e1tica \u00e9 diversificada, com predomin\u00e2ncia da cr\u00edtica de costumes, da s\u00e1tira social e pol\u00edtica.<\/p>\n<p style=\"text-align: justify;\">Ele n\u00e3o deixou obras escritas, mas sua poesia permanece viva na tradi\u00e7\u00e3o oral at\u00e9 hoje, 70 anos depois de seu falecimento. Sua veia po\u00e9tica, de marcante irrever\u00eancia, caricaturava a gente e os fatos de seu tempo, num estilo ferino e ir\u00f4nico.<\/p>\n<p style=\"text-align: justify;\">Seus versos carregados de picardia ficaram esparsamente gravados na mem\u00f3ria popular e est\u00e3o reunidos neste livro, a primeira biografia escrita pelo jornalista Z\u00f3zimo Tavares, publicada em 1995, com 2\u00aa. edi\u00e7\u00e3o em 2006.<\/p>\n","protected":false},"featured_media":2680,"comment_status":"closed","ping_status":"closed","template":"","meta":{"_acf_changed":false},"product_brand":[],"product_cat":[96],"product_tag":[98],"class_list":{"0":"post-2681","1":"product","2":"type-product","3":"status-publish","4":"has-post-thumbnail","6":"product_cat-poesia","7":"product_tag-ze-da-prata","9":"first","10":"instock","11":"shipping-taxable","12":"purchasable","13":"product-type-simple"},"acf":[],"yoast_head":"<!-- This site is optimized with the Yoast SEO plugin v26.7 - https:\/\/yoast.com\/wordpress\/plugins\/seo\/ -->\n<title>Z\u00e9 da Prata - O Poeta da S\u00e1tira - Bienal Editora<\/title>\n<meta name=\"robots\" content=\"index, follow, max-snippet:-1, max-image-preview:large, max-video-preview:-1\" \/>\n<link rel=\"canonical\" href=\"https:\/\/www.bienaleditora.com.br\/site\/produto\/ze-da-prata-o-poeta-da-satira\/\" \/>\n<meta property=\"og:locale\" content=\"pt_BR\" \/>\n<meta property=\"og:type\" content=\"article\" \/>\n<meta property=\"og:title\" content=\"Z\u00e9 da Prata - O Poeta da S\u00e1tira - Bienal Editora\" \/>\n<meta property=\"og:description\" content=\"Z\u00e9 da Prata, nascido e falecido em Altos, Piau\u00ed, marcou \u00e9poca entre os poetas populares de sua gera\u00e7\u00e3o. Era um improvisador nato, com um versejar sat\u00edrico. Sua tem\u00e1tica \u00e9 diversificada, com predomin\u00e2ncia da cr\u00edtica de costumes, da s\u00e1tira social e pol\u00edtica. Ele n\u00e3o deixou obras escritas, mas sua poesia permanece viva na tradi\u00e7\u00e3o oral at\u00e9 hoje, 70 anos depois de seu falecimento. Sua veia po\u00e9tica, de marcante irrever\u00eancia, caricaturava a gente e os fatos de seu tempo, num estilo ferino e ir\u00f4nico. Seus versos carregados de picardia ficaram esparsamente gravados na mem\u00f3ria popular e est\u00e3o reunidos neste livro, a primeira biografia escrita pelo jornalista Z\u00f3zimo Tavares, publicada em 1995, com 2\u00aa. edi\u00e7\u00e3o em 2006.\" \/>\n<meta property=\"og:url\" content=\"https:\/\/www.bienaleditora.com.br\/site\/produto\/ze-da-prata-o-poeta-da-satira\/\" \/>\n<meta property=\"og:site_name\" content=\"Bienal Editora\" \/>\n<meta property=\"article:modified_time\" content=\"2026-01-08T13:57:59+00:00\" \/>\n<meta property=\"og:image\" content=\"https:\/\/www.bienaleditora.com.br\/site\/wp-content\/uploads\/2020\/03\/ze-da-prata.jpg\" \/>\n\t<meta property=\"og:image:width\" content=\"215\" \/>\n\t<meta property=\"og:image:height\" content=\"299\" \/>\n\t<meta property=\"og:image:type\" content=\"image\/jpeg\" \/>\n<meta name=\"twitter:card\" content=\"summary_large_image\" \/>\n<meta name=\"twitter:label1\" content=\"Est. tempo de leitura\" \/>\n\t<meta name=\"twitter:data1\" content=\"1 minuto\" \/>\n<script type=\"application\/ld+json\" class=\"yoast-schema-graph\">{\"@context\":\"https:\/\/schema.org\",\"@graph\":[{\"@type\":\"WebPage\",\"@id\":\"https:\/\/www.bienaleditora.com.br\/site\/produto\/ze-da-prata-o-poeta-da-satira\/\",\"url\":\"https:\/\/www.bienaleditora.com.br\/site\/produto\/ze-da-prata-o-poeta-da-satira\/\",\"name\":\"Z\u00e9 da Prata - O Poeta da S\u00e1tira - Bienal Editora\",\"isPartOf\":{\"@id\":\"https:\/\/www.bienaleditora.com.br\/site\/#website\"},\"primaryImageOfPage\":{\"@id\":\"https:\/\/www.bienaleditora.com.br\/site\/produto\/ze-da-prata-o-poeta-da-satira\/#primaryimage\"},\"image\":{\"@id\":\"https:\/\/www.bienaleditora.com.br\/site\/produto\/ze-da-prata-o-poeta-da-satira\/#primaryimage\"},\"thumbnailUrl\":\"https:\/\/www.bienaleditora.com.br\/site\/wp-content\/uploads\/2020\/03\/ze-da-prata.jpg\",\"datePublished\":\"2019-09-09T11:43:10+00:00\",\"dateModified\":\"2026-01-08T13:57:59+00:00\",\"breadcrumb\":{\"@id\":\"https:\/\/www.bienaleditora.com.br\/site\/produto\/ze-da-prata-o-poeta-da-satira\/#breadcrumb\"},\"inLanguage\":\"pt-BR\",\"potentialAction\":[{\"@type\":\"ReadAction\",\"target\":[\"https:\/\/www.bienaleditora.com.br\/site\/produto\/ze-da-prata-o-poeta-da-satira\/\"]}]},{\"@type\":\"ImageObject\",\"inLanguage\":\"pt-BR\",\"@id\":\"https:\/\/www.bienaleditora.com.br\/site\/produto\/ze-da-prata-o-poeta-da-satira\/#primaryimage\",\"url\":\"https:\/\/www.bienaleditora.com.br\/site\/wp-content\/uploads\/2020\/03\/ze-da-prata.jpg\",\"contentUrl\":\"https:\/\/www.bienaleditora.com.br\/site\/wp-content\/uploads\/2020\/03\/ze-da-prata.jpg\",\"width\":215,\"height\":299},{\"@type\":\"BreadcrumbList\",\"@id\":\"https:\/\/www.bienaleditora.com.br\/site\/produto\/ze-da-prata-o-poeta-da-satira\/#breadcrumb\",\"itemListElement\":[{\"@type\":\"ListItem\",\"position\":1,\"name\":\"Home\",\"item\":\"https:\/\/www.bienaleditora.com.br\/site\/\"},{\"@type\":\"ListItem\",\"position\":2,\"name\":\"Loja\",\"item\":\"https:\/\/www.bienaleditora.com.br\/site\/loja\/\"},{\"@type\":\"ListItem\",\"position\":3,\"name\":\"Z\u00e9 da Prata &#8211; O Poeta da S\u00e1tira\"}]},{\"@type\":\"WebSite\",\"@id\":\"https:\/\/www.bienaleditora.com.br\/site\/#website\",\"url\":\"https:\/\/www.bienaleditora.com.br\/site\/\",\"name\":\"Bienal Editora\",\"description\":\"Uma editora jovem, n\u00e3o s\u00f3 na idade \u2014 afinal foi fundada em dezembro de 2012 \u2014 mas no esp\u00edrito inovador de optar pela publica\u00e7\u00e3o de fic\u00e7\u00e3o e n\u00e3o fic\u00e7\u00e3o priorizando a qualidade, e n\u00e3o a quantidade de lan\u00e7amentos.\",\"publisher\":{\"@id\":\"https:\/\/www.bienaleditora.com.br\/site\/#organization\"},\"potentialAction\":[{\"@type\":\"SearchAction\",\"target\":{\"@type\":\"EntryPoint\",\"urlTemplate\":\"https:\/\/www.bienaleditora.com.br\/site\/?s={search_term_string}\"},\"query-input\":{\"@type\":\"PropertyValueSpecification\",\"valueRequired\":true,\"valueName\":\"search_term_string\"}}],\"inLanguage\":\"pt-BR\"},{\"@type\":\"Organization\",\"@id\":\"https:\/\/www.bienaleditora.com.br\/site\/#organization\",\"name\":\"Bienal Editora\",\"url\":\"https:\/\/www.bienaleditora.com.br\/site\/\",\"logo\":{\"@type\":\"ImageObject\",\"inLanguage\":\"pt-BR\",\"@id\":\"https:\/\/www.bienaleditora.com.br\/site\/#\/schema\/logo\/image\/\",\"url\":\"https:\/\/www.bienaleditora.com.br\/site\/wp-content\/uploads\/2014\/01\/logomarca_png.png\",\"contentUrl\":\"https:\/\/www.bienaleditora.com.br\/site\/wp-content\/uploads\/2014\/01\/logomarca_png.png\",\"width\":145,\"height\":79,\"caption\":\"Bienal Editora\"},\"image\":{\"@id\":\"https:\/\/www.bienaleditora.com.br\/site\/#\/schema\/logo\/image\/\"}}]}<\/script>\n<!-- \/ Yoast SEO plugin. -->","yoast_head_json":{"title":"Z\u00e9 da Prata - O Poeta da S\u00e1tira - Bienal Editora","robots":{"index":"index","follow":"follow","max-snippet":"max-snippet:-1","max-image-preview":"max-image-preview:large","max-video-preview":"max-video-preview:-1"},"canonical":"https:\/\/www.bienaleditora.com.br\/site\/produto\/ze-da-prata-o-poeta-da-satira\/","og_locale":"pt_BR","og_type":"article","og_title":"Z\u00e9 da Prata - O Poeta da S\u00e1tira - Bienal Editora","og_description":"Z\u00e9 da Prata, nascido e falecido em Altos, Piau\u00ed, marcou \u00e9poca entre os poetas populares de sua gera\u00e7\u00e3o. Era um improvisador nato, com um versejar sat\u00edrico. Sua tem\u00e1tica \u00e9 diversificada, com predomin\u00e2ncia da cr\u00edtica de costumes, da s\u00e1tira social e pol\u00edtica. Ele n\u00e3o deixou obras escritas, mas sua poesia permanece viva na tradi\u00e7\u00e3o oral at\u00e9 hoje, 70 anos depois de seu falecimento. Sua veia po\u00e9tica, de marcante irrever\u00eancia, caricaturava a gente e os fatos de seu tempo, num estilo ferino e ir\u00f4nico. Seus versos carregados de picardia ficaram esparsamente gravados na mem\u00f3ria popular e est\u00e3o reunidos neste livro, a primeira biografia escrita pelo jornalista Z\u00f3zimo Tavares, publicada em 1995, com 2\u00aa. edi\u00e7\u00e3o em 2006.","og_url":"https:\/\/www.bienaleditora.com.br\/site\/produto\/ze-da-prata-o-poeta-da-satira\/","og_site_name":"Bienal Editora","article_modified_time":"2026-01-08T13:57:59+00:00","og_image":[{"width":215,"height":299,"url":"https:\/\/www.bienaleditora.com.br\/site\/wp-content\/uploads\/2020\/03\/ze-da-prata.jpg","type":"image\/jpeg"}],"twitter_card":"summary_large_image","twitter_misc":{"Est. tempo de leitura":"1 minuto"},"schema":{"@context":"https:\/\/schema.org","@graph":[{"@type":"WebPage","@id":"https:\/\/www.bienaleditora.com.br\/site\/produto\/ze-da-prata-o-poeta-da-satira\/","url":"https:\/\/www.bienaleditora.com.br\/site\/produto\/ze-da-prata-o-poeta-da-satira\/","name":"Z\u00e9 da Prata - O Poeta da S\u00e1tira - Bienal Editora","isPartOf":{"@id":"https:\/\/www.bienaleditora.com.br\/site\/#website"},"primaryImageOfPage":{"@id":"https:\/\/www.bienaleditora.com.br\/site\/produto\/ze-da-prata-o-poeta-da-satira\/#primaryimage"},"image":{"@id":"https:\/\/www.bienaleditora.com.br\/site\/produto\/ze-da-prata-o-poeta-da-satira\/#primaryimage"},"thumbnailUrl":"https:\/\/www.bienaleditora.com.br\/site\/wp-content\/uploads\/2020\/03\/ze-da-prata.jpg","datePublished":"2019-09-09T11:43:10+00:00","dateModified":"2026-01-08T13:57:59+00:00","breadcrumb":{"@id":"https:\/\/www.bienaleditora.com.br\/site\/produto\/ze-da-prata-o-poeta-da-satira\/#breadcrumb"},"inLanguage":"pt-BR","potentialAction":[{"@type":"ReadAction","target":["https:\/\/www.bienaleditora.com.br\/site\/produto\/ze-da-prata-o-poeta-da-satira\/"]}]},{"@type":"ImageObject","inLanguage":"pt-BR","@id":"https:\/\/www.bienaleditora.com.br\/site\/produto\/ze-da-prata-o-poeta-da-satira\/#primaryimage","url":"https:\/\/www.bienaleditora.com.br\/site\/wp-content\/uploads\/2020\/03\/ze-da-prata.jpg","contentUrl":"https:\/\/www.bienaleditora.com.br\/site\/wp-content\/uploads\/2020\/03\/ze-da-prata.jpg","width":215,"height":299},{"@type":"BreadcrumbList","@id":"https:\/\/www.bienaleditora.com.br\/site\/produto\/ze-da-prata-o-poeta-da-satira\/#breadcrumb","itemListElement":[{"@type":"ListItem","position":1,"name":"Home","item":"https:\/\/www.bienaleditora.com.br\/site\/"},{"@type":"ListItem","position":2,"name":"Loja","item":"https:\/\/www.bienaleditora.com.br\/site\/loja\/"},{"@type":"ListItem","position":3,"name":"Z\u00e9 da Prata &#8211; O Poeta da S\u00e1tira"}]},{"@type":"WebSite","@id":"https:\/\/www.bienaleditora.com.br\/site\/#website","url":"https:\/\/www.bienaleditora.com.br\/site\/","name":"Bienal Editora","description":"Uma editora jovem, n\u00e3o s\u00f3 na idade \u2014 afinal foi fundada em dezembro de 2012 \u2014 mas no esp\u00edrito inovador de optar pela publica\u00e7\u00e3o de fic\u00e7\u00e3o e n\u00e3o fic\u00e7\u00e3o priorizando a qualidade, e n\u00e3o a quantidade de lan\u00e7amentos.","publisher":{"@id":"https:\/\/www.bienaleditora.com.br\/site\/#organization"},"potentialAction":[{"@type":"SearchAction","target":{"@type":"EntryPoint","urlTemplate":"https:\/\/www.bienaleditora.com.br\/site\/?s={search_term_string}"},"query-input":{"@type":"PropertyValueSpecification","valueRequired":true,"valueName":"search_term_string"}}],"inLanguage":"pt-BR"},{"@type":"Organization","@id":"https:\/\/www.bienaleditora.com.br\/site\/#organization","name":"Bienal Editora","url":"https:\/\/www.bienaleditora.com.br\/site\/","logo":{"@type":"ImageObject","inLanguage":"pt-BR","@id":"https:\/\/www.bienaleditora.com.br\/site\/#\/schema\/logo\/image\/","url":"https:\/\/www.bienaleditora.com.br\/site\/wp-content\/uploads\/2014\/01\/logomarca_png.png","contentUrl":"https:\/\/www.bienaleditora.com.br\/site\/wp-content\/uploads\/2014\/01\/logomarca_png.png","width":145,"height":79,"caption":"Bienal Editora"},"image":{"@id":"https:\/\/www.bienaleditora.com.br\/site\/#\/schema\/logo\/image\/"}}]}},"_links":{"self":[{"href":"https:\/\/www.bienaleditora.com.br\/site\/wp-json\/wp\/v2\/product\/2681","targetHints":{"allow":["GET"]}}],"collection":[{"href":"https:\/\/www.bienaleditora.com.br\/site\/wp-json\/wp\/v2\/product"}],"about":[{"href":"https:\/\/www.bienaleditora.com.br\/site\/wp-json\/wp\/v2\/types\/product"}],"replies":[{"embeddable":true,"href":"https:\/\/www.bienaleditora.com.br\/site\/wp-json\/wp\/v2\/comments?post=2681"}],"wp:featuredmedia":[{"embeddable":true,"href":"https:\/\/www.bienaleditora.com.br\/site\/wp-json\/wp\/v2\/media\/2680"}],"wp:attachment":[{"href":"https:\/\/www.bienaleditora.com.br\/site\/wp-json\/wp\/v2\/media?parent=2681"}],"wp:term":[{"taxonomy":"product_brand","embeddable":true,"href":"https:\/\/www.bienaleditora.com.br\/site\/wp-json\/wp\/v2\/product_brand?post=2681"},{"taxonomy":"product_cat","embeddable":true,"href":"https:\/\/www.bienaleditora.com.br\/site\/wp-json\/wp\/v2\/product_cat?post=2681"},{"taxonomy":"product_tag","embeddable":true,"href":"https:\/\/www.bienaleditora.com.br\/site\/wp-json\/wp\/v2\/product_tag?post=2681"}],"curies":[{"name":"wp","href":"https:\/\/api.w.org\/{rel}","templated":true}]}}