{"id":2730,"date":"2021-05-24T07:46:37","date_gmt":"2021-05-24T10:46:37","guid":{"rendered":"https:\/\/www.bienaleditora.com.br\/site\/?post_type=product&#038;p=2730"},"modified":"2026-01-08T10:57:05","modified_gmt":"2026-01-08T13:57:05","slug":"carnauba-uma-riqueza-do-piaui","status":"publish","type":"product","link":"https:\/\/www.bienaleditora.com.br\/site\/produto\/carnauba-uma-riqueza-do-piaui\/","title":{"rendered":"Carna\u00faba, uma riqueza do Piau\u00ed"},"content":{"rendered":"<p style=\"text-align: justify;\">Em edi\u00e7\u00e3o bil\u00edngue &#8211; e excelente projeto gr\u00e1fico &#8211; a obra descreve as caracter\u00edsticas, potencialidades e valor econ\u00f4mico da \u00e1rvore s\u00edmbolo do Piau\u00ed, sem deixar de mencionar a preocupa\u00e7\u00e3o com a preserva\u00e7\u00e3o da esp\u00e9cie, surgida ainda na d\u00e9cada de 1910, pelo ent\u00e3o governador Antonino Freire.<\/p>\n<p style=\"text-align: justify;\">O livro \u00e9 ricamente ilustrado com fotografias de Aureliano M\u00fcller, Juscelino Reis, Luciano Klaus, Valdeci Ribeiro, entre outros. E o autor do livro, que tamb\u00e9m \u00e9 presidente da Academia Piauiense de Letras, fez quest\u00e3o de incluir a literatura, com poemas de H.Dobal e O.G. Rego de Carvalho, arrematando a beleza de uma \u00e1rvore que encanta, enaltece e enriquece o Piau\u00ed.<\/p>\n<p style=\"text-align: justify;\">Z\u00f3zimo Tavares, que nos ajuda a revisitar a hist\u00f3ria piauiense com a biografia de tantas personagens importantes para o Estado, agora nos faz mergulhar na hist\u00f3ria contada silenciosamente pela carna\u00faba, uma \u00e1rvore que resiste ao tempo, estando presente na cultura de ontem, de hoje, e certamente, do amanh\u00e3.<\/p>\n<p><iframe title=\"Z\u00f3zimo tavares lan\u00e7a livro \u201cCarna\u00faba, uma riqueza do Piau\u00ed\u201d\" width=\"800\" height=\"450\" src=\"https:\/\/www.youtube.com\/embed\/-qrkK5LtFes?feature=oembed\" frameborder=\"0\" allow=\"accelerometer; autoplay; clipboard-write; encrypted-media; gyroscope; picture-in-picture; web-share\" allowfullscreen><\/iframe><\/p>\n","protected":false},"excerpt":{"rendered":"<p style=\"text-align: justify;\">Em edi\u00e7\u00e3o bil\u00edngue &#8211; e excelente projeto gr\u00e1fico &#8211; a obra descreve as caracter\u00edsticas, potencialidades e valor econ\u00f4mico da \u00e1rvore s\u00edmbolo do Piau\u00ed, sem deixar de mencionar a preocupa\u00e7\u00e3o com a preserva\u00e7\u00e3o da esp\u00e9cie, surgida ainda na d\u00e9cada de 1910, pelo ent\u00e3o governador Antonino Freire.<\/p>\n<p style=\"text-align: justify;\">O livro \u00e9 ricamente ilustrado com fotografias de Aureliano M\u00fcller, Juscelino Reis, Luciano Klaus, Valdeci Ribeiro, entre outros. E o autor do livro, que tamb\u00e9m \u00e9 presidente da Academia Piauiense de Letras, fez quest\u00e3o de incluir a literatura, com poemas de H.Dobal e O.G. Rego de Carvalho, arrematando a beleza de uma \u00e1rvore que encanta, enaltece e enriquece o Piau\u00ed.<\/p>\n<p style=\"text-align: justify;\">Z\u00f3zimo Tavares, que nos ajuda a revisitar a hist\u00f3ria piauiense com a biografia de tantas personagens importantes para o Estado, agora nos faz mergulhar na hist\u00f3ria contada silenciosamente pela carna\u00faba, uma \u00e1rvore que resiste ao tempo, estando presente na cultura de ontem, de hoje, e certamente, do amanh\u00e3.<\/p>\n<p>https:\/\/youtu.be\/-qrkK5LtFes<\/p>\n","protected":false},"featured_media":3419,"comment_status":"closed","ping_status":"closed","template":"","meta":{"_acf_changed":false},"product_brand":[],"product_cat":[51],"product_tag":[],"class_list":{"0":"post-2730","1":"product","2":"type-product","3":"status-publish","4":"has-post-thumbnail","6":"product_cat-memorias","8":"first","9":"instock","10":"shipping-taxable","11":"purchasable","12":"product-type-simple"},"acf":[],"yoast_head":"<!-- This site is optimized with the Yoast SEO plugin v26.7 - https:\/\/yoast.com\/wordpress\/plugins\/seo\/ -->\n<title>Carna\u00faba, uma riqueza do Piau\u00ed - Bienal Editora<\/title>\n<meta name=\"robots\" content=\"index, follow, max-snippet:-1, max-image-preview:large, max-video-preview:-1\" \/>\n<link rel=\"canonical\" href=\"https:\/\/www.bienaleditora.com.br\/site\/produto\/carnauba-uma-riqueza-do-piaui\/\" \/>\n<meta property=\"og:locale\" content=\"pt_BR\" \/>\n<meta property=\"og:type\" content=\"article\" \/>\n<meta property=\"og:title\" content=\"Carna\u00faba, uma riqueza do Piau\u00ed - Bienal Editora\" \/>\n<meta property=\"og:description\" content=\"Em edi\u00e7\u00e3o bil\u00edngue - e excelente projeto gr\u00e1fico - a obra descreve as caracter\u00edsticas, potencialidades e valor econ\u00f4mico da \u00e1rvore s\u00edmbolo do Piau\u00ed, sem deixar de mencionar a preocupa\u00e7\u00e3o com a preserva\u00e7\u00e3o da esp\u00e9cie, surgida ainda na d\u00e9cada de 1910, pelo ent\u00e3o governador Antonino Freire. O livro \u00e9 ricamente ilustrado com fotografias de Aureliano M\u00fcller, Juscelino Reis, Luciano Klaus, Valdeci Ribeiro, entre outros. E o autor do livro, que tamb\u00e9m \u00e9 presidente da Academia Piauiense de Letras, fez quest\u00e3o de incluir a literatura, com poemas de H.Dobal e O.G. Rego de Carvalho, arrematando a beleza de uma \u00e1rvore que encanta, enaltece e enriquece o Piau\u00ed. Z\u00f3zimo Tavares, que nos ajuda a revisitar a hist\u00f3ria piauiense com a biografia de tantas personagens importantes para o Estado, agora nos faz mergulhar na hist\u00f3ria contada silenciosamente pela carna\u00faba, uma \u00e1rvore que resiste ao tempo, estando presente na cultura de ontem, de hoje, e certamente, do amanh\u00e3. https:\/\/youtu.be\/-qrkK5LtFes\" \/>\n<meta property=\"og:url\" content=\"https:\/\/www.bienaleditora.com.br\/site\/produto\/carnauba-uma-riqueza-do-piaui\/\" \/>\n<meta property=\"og:site_name\" content=\"Bienal Editora\" \/>\n<meta property=\"article:modified_time\" content=\"2026-01-08T13:57:05+00:00\" \/>\n<meta property=\"og:image\" content=\"https:\/\/www.bienaleditora.com.br\/site\/wp-content\/uploads\/2021\/05\/carnauba.jpg\" \/>\n\t<meta property=\"og:image:width\" content=\"800\" \/>\n\t<meta property=\"og:image:height\" content=\"800\" \/>\n\t<meta property=\"og:image:type\" content=\"image\/jpeg\" \/>\n<meta name=\"twitter:card\" content=\"summary_large_image\" \/>\n<meta name=\"twitter:label1\" content=\"Est. tempo de leitura\" \/>\n\t<meta name=\"twitter:data1\" content=\"1 minuto\" \/>\n<script type=\"application\/ld+json\" class=\"yoast-schema-graph\">{\"@context\":\"https:\/\/schema.org\",\"@graph\":[{\"@type\":\"WebPage\",\"@id\":\"https:\/\/www.bienaleditora.com.br\/site\/produto\/carnauba-uma-riqueza-do-piaui\/\",\"url\":\"https:\/\/www.bienaleditora.com.br\/site\/produto\/carnauba-uma-riqueza-do-piaui\/\",\"name\":\"Carna\u00faba, uma riqueza do Piau\u00ed - Bienal Editora\",\"isPartOf\":{\"@id\":\"https:\/\/www.bienaleditora.com.br\/site\/#website\"},\"primaryImageOfPage\":{\"@id\":\"https:\/\/www.bienaleditora.com.br\/site\/produto\/carnauba-uma-riqueza-do-piaui\/#primaryimage\"},\"image\":{\"@id\":\"https:\/\/www.bienaleditora.com.br\/site\/produto\/carnauba-uma-riqueza-do-piaui\/#primaryimage\"},\"thumbnailUrl\":\"https:\/\/www.bienaleditora.com.br\/site\/wp-content\/uploads\/2021\/05\/carnauba.jpg\",\"datePublished\":\"2021-05-24T10:46:37+00:00\",\"dateModified\":\"2026-01-08T13:57:05+00:00\",\"breadcrumb\":{\"@id\":\"https:\/\/www.bienaleditora.com.br\/site\/produto\/carnauba-uma-riqueza-do-piaui\/#breadcrumb\"},\"inLanguage\":\"pt-BR\",\"potentialAction\":[{\"@type\":\"ReadAction\",\"target\":[\"https:\/\/www.bienaleditora.com.br\/site\/produto\/carnauba-uma-riqueza-do-piaui\/\"]}]},{\"@type\":\"ImageObject\",\"inLanguage\":\"pt-BR\",\"@id\":\"https:\/\/www.bienaleditora.com.br\/site\/produto\/carnauba-uma-riqueza-do-piaui\/#primaryimage\",\"url\":\"https:\/\/www.bienaleditora.com.br\/site\/wp-content\/uploads\/2021\/05\/carnauba.jpg\",\"contentUrl\":\"https:\/\/www.bienaleditora.com.br\/site\/wp-content\/uploads\/2021\/05\/carnauba.jpg\",\"width\":800,\"height\":800},{\"@type\":\"BreadcrumbList\",\"@id\":\"https:\/\/www.bienaleditora.com.br\/site\/produto\/carnauba-uma-riqueza-do-piaui\/#breadcrumb\",\"itemListElement\":[{\"@type\":\"ListItem\",\"position\":1,\"name\":\"Home\",\"item\":\"https:\/\/www.bienaleditora.com.br\/site\/\"},{\"@type\":\"ListItem\",\"position\":2,\"name\":\"Loja\",\"item\":\"https:\/\/www.bienaleditora.com.br\/site\/loja\/\"},{\"@type\":\"ListItem\",\"position\":3,\"name\":\"Carna\u00faba, uma riqueza do Piau\u00ed\"}]},{\"@type\":\"WebSite\",\"@id\":\"https:\/\/www.bienaleditora.com.br\/site\/#website\",\"url\":\"https:\/\/www.bienaleditora.com.br\/site\/\",\"name\":\"Bienal Editora\",\"description\":\"Uma editora jovem, n\u00e3o s\u00f3 na idade \u2014 afinal foi fundada em dezembro de 2012 \u2014 mas no esp\u00edrito inovador de optar pela publica\u00e7\u00e3o de fic\u00e7\u00e3o e n\u00e3o fic\u00e7\u00e3o priorizando a qualidade, e n\u00e3o a quantidade de lan\u00e7amentos.\",\"publisher\":{\"@id\":\"https:\/\/www.bienaleditora.com.br\/site\/#organization\"},\"potentialAction\":[{\"@type\":\"SearchAction\",\"target\":{\"@type\":\"EntryPoint\",\"urlTemplate\":\"https:\/\/www.bienaleditora.com.br\/site\/?s={search_term_string}\"},\"query-input\":{\"@type\":\"PropertyValueSpecification\",\"valueRequired\":true,\"valueName\":\"search_term_string\"}}],\"inLanguage\":\"pt-BR\"},{\"@type\":\"Organization\",\"@id\":\"https:\/\/www.bienaleditora.com.br\/site\/#organization\",\"name\":\"Bienal Editora\",\"url\":\"https:\/\/www.bienaleditora.com.br\/site\/\",\"logo\":{\"@type\":\"ImageObject\",\"inLanguage\":\"pt-BR\",\"@id\":\"https:\/\/www.bienaleditora.com.br\/site\/#\/schema\/logo\/image\/\",\"url\":\"https:\/\/www.bienaleditora.com.br\/site\/wp-content\/uploads\/2014\/01\/logomarca_png.png\",\"contentUrl\":\"https:\/\/www.bienaleditora.com.br\/site\/wp-content\/uploads\/2014\/01\/logomarca_png.png\",\"width\":145,\"height\":79,\"caption\":\"Bienal Editora\"},\"image\":{\"@id\":\"https:\/\/www.bienaleditora.com.br\/site\/#\/schema\/logo\/image\/\"}}]}<\/script>\n<!-- \/ Yoast SEO plugin. -->","yoast_head_json":{"title":"Carna\u00faba, uma riqueza do Piau\u00ed - Bienal Editora","robots":{"index":"index","follow":"follow","max-snippet":"max-snippet:-1","max-image-preview":"max-image-preview:large","max-video-preview":"max-video-preview:-1"},"canonical":"https:\/\/www.bienaleditora.com.br\/site\/produto\/carnauba-uma-riqueza-do-piaui\/","og_locale":"pt_BR","og_type":"article","og_title":"Carna\u00faba, uma riqueza do Piau\u00ed - Bienal Editora","og_description":"Em edi\u00e7\u00e3o bil\u00edngue - e excelente projeto gr\u00e1fico - a obra descreve as caracter\u00edsticas, potencialidades e valor econ\u00f4mico da \u00e1rvore s\u00edmbolo do Piau\u00ed, sem deixar de mencionar a preocupa\u00e7\u00e3o com a preserva\u00e7\u00e3o da esp\u00e9cie, surgida ainda na d\u00e9cada de 1910, pelo ent\u00e3o governador Antonino Freire. O livro \u00e9 ricamente ilustrado com fotografias de Aureliano M\u00fcller, Juscelino Reis, Luciano Klaus, Valdeci Ribeiro, entre outros. E o autor do livro, que tamb\u00e9m \u00e9 presidente da Academia Piauiense de Letras, fez quest\u00e3o de incluir a literatura, com poemas de H.Dobal e O.G. Rego de Carvalho, arrematando a beleza de uma \u00e1rvore que encanta, enaltece e enriquece o Piau\u00ed. Z\u00f3zimo Tavares, que nos ajuda a revisitar a hist\u00f3ria piauiense com a biografia de tantas personagens importantes para o Estado, agora nos faz mergulhar na hist\u00f3ria contada silenciosamente pela carna\u00faba, uma \u00e1rvore que resiste ao tempo, estando presente na cultura de ontem, de hoje, e certamente, do amanh\u00e3. https:\/\/youtu.be\/-qrkK5LtFes","og_url":"https:\/\/www.bienaleditora.com.br\/site\/produto\/carnauba-uma-riqueza-do-piaui\/","og_site_name":"Bienal Editora","article_modified_time":"2026-01-08T13:57:05+00:00","og_image":[{"width":800,"height":800,"url":"https:\/\/www.bienaleditora.com.br\/site\/wp-content\/uploads\/2021\/05\/carnauba.jpg","type":"image\/jpeg"}],"twitter_card":"summary_large_image","twitter_misc":{"Est. tempo de leitura":"1 minuto"},"schema":{"@context":"https:\/\/schema.org","@graph":[{"@type":"WebPage","@id":"https:\/\/www.bienaleditora.com.br\/site\/produto\/carnauba-uma-riqueza-do-piaui\/","url":"https:\/\/www.bienaleditora.com.br\/site\/produto\/carnauba-uma-riqueza-do-piaui\/","name":"Carna\u00faba, uma riqueza do Piau\u00ed - Bienal Editora","isPartOf":{"@id":"https:\/\/www.bienaleditora.com.br\/site\/#website"},"primaryImageOfPage":{"@id":"https:\/\/www.bienaleditora.com.br\/site\/produto\/carnauba-uma-riqueza-do-piaui\/#primaryimage"},"image":{"@id":"https:\/\/www.bienaleditora.com.br\/site\/produto\/carnauba-uma-riqueza-do-piaui\/#primaryimage"},"thumbnailUrl":"https:\/\/www.bienaleditora.com.br\/site\/wp-content\/uploads\/2021\/05\/carnauba.jpg","datePublished":"2021-05-24T10:46:37+00:00","dateModified":"2026-01-08T13:57:05+00:00","breadcrumb":{"@id":"https:\/\/www.bienaleditora.com.br\/site\/produto\/carnauba-uma-riqueza-do-piaui\/#breadcrumb"},"inLanguage":"pt-BR","potentialAction":[{"@type":"ReadAction","target":["https:\/\/www.bienaleditora.com.br\/site\/produto\/carnauba-uma-riqueza-do-piaui\/"]}]},{"@type":"ImageObject","inLanguage":"pt-BR","@id":"https:\/\/www.bienaleditora.com.br\/site\/produto\/carnauba-uma-riqueza-do-piaui\/#primaryimage","url":"https:\/\/www.bienaleditora.com.br\/site\/wp-content\/uploads\/2021\/05\/carnauba.jpg","contentUrl":"https:\/\/www.bienaleditora.com.br\/site\/wp-content\/uploads\/2021\/05\/carnauba.jpg","width":800,"height":800},{"@type":"BreadcrumbList","@id":"https:\/\/www.bienaleditora.com.br\/site\/produto\/carnauba-uma-riqueza-do-piaui\/#breadcrumb","itemListElement":[{"@type":"ListItem","position":1,"name":"Home","item":"https:\/\/www.bienaleditora.com.br\/site\/"},{"@type":"ListItem","position":2,"name":"Loja","item":"https:\/\/www.bienaleditora.com.br\/site\/loja\/"},{"@type":"ListItem","position":3,"name":"Carna\u00faba, uma riqueza do Piau\u00ed"}]},{"@type":"WebSite","@id":"https:\/\/www.bienaleditora.com.br\/site\/#website","url":"https:\/\/www.bienaleditora.com.br\/site\/","name":"Bienal Editora","description":"Uma editora jovem, n\u00e3o s\u00f3 na idade \u2014 afinal foi fundada em dezembro de 2012 \u2014 mas no esp\u00edrito inovador de optar pela publica\u00e7\u00e3o de fic\u00e7\u00e3o e n\u00e3o fic\u00e7\u00e3o priorizando a qualidade, e n\u00e3o a quantidade de lan\u00e7amentos.","publisher":{"@id":"https:\/\/www.bienaleditora.com.br\/site\/#organization"},"potentialAction":[{"@type":"SearchAction","target":{"@type":"EntryPoint","urlTemplate":"https:\/\/www.bienaleditora.com.br\/site\/?s={search_term_string}"},"query-input":{"@type":"PropertyValueSpecification","valueRequired":true,"valueName":"search_term_string"}}],"inLanguage":"pt-BR"},{"@type":"Organization","@id":"https:\/\/www.bienaleditora.com.br\/site\/#organization","name":"Bienal Editora","url":"https:\/\/www.bienaleditora.com.br\/site\/","logo":{"@type":"ImageObject","inLanguage":"pt-BR","@id":"https:\/\/www.bienaleditora.com.br\/site\/#\/schema\/logo\/image\/","url":"https:\/\/www.bienaleditora.com.br\/site\/wp-content\/uploads\/2014\/01\/logomarca_png.png","contentUrl":"https:\/\/www.bienaleditora.com.br\/site\/wp-content\/uploads\/2014\/01\/logomarca_png.png","width":145,"height":79,"caption":"Bienal Editora"},"image":{"@id":"https:\/\/www.bienaleditora.com.br\/site\/#\/schema\/logo\/image\/"}}]}},"_links":{"self":[{"href":"https:\/\/www.bienaleditora.com.br\/site\/wp-json\/wp\/v2\/product\/2730","targetHints":{"allow":["GET"]}}],"collection":[{"href":"https:\/\/www.bienaleditora.com.br\/site\/wp-json\/wp\/v2\/product"}],"about":[{"href":"https:\/\/www.bienaleditora.com.br\/site\/wp-json\/wp\/v2\/types\/product"}],"replies":[{"embeddable":true,"href":"https:\/\/www.bienaleditora.com.br\/site\/wp-json\/wp\/v2\/comments?post=2730"}],"wp:featuredmedia":[{"embeddable":true,"href":"https:\/\/www.bienaleditora.com.br\/site\/wp-json\/wp\/v2\/media\/3419"}],"wp:attachment":[{"href":"https:\/\/www.bienaleditora.com.br\/site\/wp-json\/wp\/v2\/media?parent=2730"}],"wp:term":[{"taxonomy":"product_brand","embeddable":true,"href":"https:\/\/www.bienaleditora.com.br\/site\/wp-json\/wp\/v2\/product_brand?post=2730"},{"taxonomy":"product_cat","embeddable":true,"href":"https:\/\/www.bienaleditora.com.br\/site\/wp-json\/wp\/v2\/product_cat?post=2730"},{"taxonomy":"product_tag","embeddable":true,"href":"https:\/\/www.bienaleditora.com.br\/site\/wp-json\/wp\/v2\/product_tag?post=2730"}],"curies":[{"name":"wp","href":"https:\/\/api.w.org\/{rel}","templated":true}]}}