{"id":2838,"date":"2022-05-18T07:57:04","date_gmt":"2022-05-18T10:57:04","guid":{"rendered":"https:\/\/www.bienaleditora.com.br\/site\/?post_type=product&#038;p=2838"},"modified":"2026-01-08T10:56:52","modified_gmt":"2026-01-08T13:56:52","slug":"em-busca-de-uma-rede-na-varanda","status":"publish","type":"product","link":"https:\/\/www.bienaleditora.com.br\/site\/produto\/em-busca-de-uma-rede-na-varanda\/","title":{"rendered":"Em busca de uma rede na varanda"},"content":{"rendered":"<p><em>Em busca de uma rede na varanda, <\/em>novo livro do escritor e acad\u00eamico Oton Lustosa<em>, <\/em>comp\u00f5e-se de 12 contos, que interpretam o cotidiano da vida. Temas como forma\u00e7\u00e3o de opini\u00e3o, internet, saudosismo, viol\u00eancia, sorte, pol\u00edtica, subemprego, fracasso no casamento, desilus\u00e3o e f\u00e9 avultam na obra. Outros, com singularidades inusitadas tamb\u00e9m se fazem presentes, todos, por\u00e9m, com suporte na vida e suas circunst\u00e2ncias.<\/p>\n","protected":false},"excerpt":{"rendered":"<p><em>Em busca de uma rede na varanda, <\/em>novo livro do escritor e acad\u00eamico Oton Lustosa<em>, <\/em>comp\u00f5e-se de 12 contos, que interpretam o cotidiano da vida. Temas como forma\u00e7\u00e3o de opini\u00e3o, internet, saudosismo, viol\u00eancia, sorte, pol\u00edtica, subemprego, fracasso no casamento, desilus\u00e3o e f\u00e9 avultam na obra. Outros, com singularidades inusitadas tamb\u00e9m se fazem presentes, todos, por\u00e9m, com suporte na vida e suas circunst\u00e2ncias.<\/p>\n","protected":false},"featured_media":3409,"comment_status":"closed","ping_status":"closed","template":"","meta":{"_acf_changed":false},"product_brand":[],"product_cat":[51],"product_tag":[],"class_list":{"0":"post-2838","1":"product","2":"type-product","3":"status-publish","4":"has-post-thumbnail","6":"product_cat-memorias","8":"first","9":"instock","10":"shipping-taxable","11":"purchasable","12":"product-type-simple"},"acf":[],"yoast_head":"<!-- This site is optimized with the Yoast SEO plugin v26.7 - https:\/\/yoast.com\/wordpress\/plugins\/seo\/ -->\n<title>Em busca de uma rede na varanda - Bienal Editora<\/title>\n<meta name=\"robots\" content=\"index, follow, max-snippet:-1, max-image-preview:large, max-video-preview:-1\" \/>\n<link rel=\"canonical\" href=\"https:\/\/www.bienaleditora.com.br\/site\/produto\/em-busca-de-uma-rede-na-varanda\/\" \/>\n<meta property=\"og:locale\" content=\"pt_BR\" \/>\n<meta property=\"og:type\" content=\"article\" \/>\n<meta property=\"og:title\" content=\"Em busca de uma rede na varanda - Bienal Editora\" \/>\n<meta property=\"og:description\" content=\"Em busca de uma rede na varanda, novo livro do escritor e acad\u00eamico Oton Lustosa, comp\u00f5e-se de 12 contos, que interpretam o cotidiano da vida. Temas como forma\u00e7\u00e3o de opini\u00e3o, internet, saudosismo, viol\u00eancia, sorte, pol\u00edtica, subemprego, fracasso no casamento, desilus\u00e3o e f\u00e9 avultam na obra. Outros, com singularidades inusitadas tamb\u00e9m se fazem presentes, todos, por\u00e9m, com suporte na vida e suas circunst\u00e2ncias.\" \/>\n<meta property=\"og:url\" content=\"https:\/\/www.bienaleditora.com.br\/site\/produto\/em-busca-de-uma-rede-na-varanda\/\" \/>\n<meta property=\"og:site_name\" content=\"Bienal Editora\" \/>\n<meta property=\"article:modified_time\" content=\"2026-01-08T13:56:52+00:00\" \/>\n<meta property=\"og:image\" content=\"https:\/\/www.bienaleditora.com.br\/site\/wp-content\/uploads\/2022\/05\/livro-oton-1.jpg\" \/>\n\t<meta property=\"og:image:width\" content=\"800\" \/>\n\t<meta property=\"og:image:height\" content=\"800\" \/>\n\t<meta property=\"og:image:type\" content=\"image\/jpeg\" \/>\n<meta name=\"twitter:card\" content=\"summary_large_image\" \/>\n<script type=\"application\/ld+json\" class=\"yoast-schema-graph\">{\"@context\":\"https:\/\/schema.org\",\"@graph\":[{\"@type\":\"WebPage\",\"@id\":\"https:\/\/www.bienaleditora.com.br\/site\/produto\/em-busca-de-uma-rede-na-varanda\/\",\"url\":\"https:\/\/www.bienaleditora.com.br\/site\/produto\/em-busca-de-uma-rede-na-varanda\/\",\"name\":\"Em busca de uma rede na varanda - Bienal Editora\",\"isPartOf\":{\"@id\":\"https:\/\/www.bienaleditora.com.br\/site\/#website\"},\"primaryImageOfPage\":{\"@id\":\"https:\/\/www.bienaleditora.com.br\/site\/produto\/em-busca-de-uma-rede-na-varanda\/#primaryimage\"},\"image\":{\"@id\":\"https:\/\/www.bienaleditora.com.br\/site\/produto\/em-busca-de-uma-rede-na-varanda\/#primaryimage\"},\"thumbnailUrl\":\"https:\/\/www.bienaleditora.com.br\/site\/wp-content\/uploads\/2022\/05\/livro-oton-1.jpg\",\"datePublished\":\"2022-05-18T10:57:04+00:00\",\"dateModified\":\"2026-01-08T13:56:52+00:00\",\"breadcrumb\":{\"@id\":\"https:\/\/www.bienaleditora.com.br\/site\/produto\/em-busca-de-uma-rede-na-varanda\/#breadcrumb\"},\"inLanguage\":\"pt-BR\",\"potentialAction\":[{\"@type\":\"ReadAction\",\"target\":[\"https:\/\/www.bienaleditora.com.br\/site\/produto\/em-busca-de-uma-rede-na-varanda\/\"]}]},{\"@type\":\"ImageObject\",\"inLanguage\":\"pt-BR\",\"@id\":\"https:\/\/www.bienaleditora.com.br\/site\/produto\/em-busca-de-uma-rede-na-varanda\/#primaryimage\",\"url\":\"https:\/\/www.bienaleditora.com.br\/site\/wp-content\/uploads\/2022\/05\/livro-oton-1.jpg\",\"contentUrl\":\"https:\/\/www.bienaleditora.com.br\/site\/wp-content\/uploads\/2022\/05\/livro-oton-1.jpg\",\"width\":800,\"height\":800},{\"@type\":\"BreadcrumbList\",\"@id\":\"https:\/\/www.bienaleditora.com.br\/site\/produto\/em-busca-de-uma-rede-na-varanda\/#breadcrumb\",\"itemListElement\":[{\"@type\":\"ListItem\",\"position\":1,\"name\":\"Home\",\"item\":\"https:\/\/www.bienaleditora.com.br\/site\/\"},{\"@type\":\"ListItem\",\"position\":2,\"name\":\"Loja\",\"item\":\"https:\/\/www.bienaleditora.com.br\/site\/loja\/\"},{\"@type\":\"ListItem\",\"position\":3,\"name\":\"Em busca de uma rede na varanda\"}]},{\"@type\":\"WebSite\",\"@id\":\"https:\/\/www.bienaleditora.com.br\/site\/#website\",\"url\":\"https:\/\/www.bienaleditora.com.br\/site\/\",\"name\":\"Bienal Editora\",\"description\":\"Uma editora jovem, n\u00e3o s\u00f3 na idade \u2014 afinal foi fundada em dezembro de 2012 \u2014 mas no esp\u00edrito inovador de optar pela publica\u00e7\u00e3o de fic\u00e7\u00e3o e n\u00e3o fic\u00e7\u00e3o priorizando a qualidade, e n\u00e3o a quantidade de lan\u00e7amentos.\",\"publisher\":{\"@id\":\"https:\/\/www.bienaleditora.com.br\/site\/#organization\"},\"potentialAction\":[{\"@type\":\"SearchAction\",\"target\":{\"@type\":\"EntryPoint\",\"urlTemplate\":\"https:\/\/www.bienaleditora.com.br\/site\/?s={search_term_string}\"},\"query-input\":{\"@type\":\"PropertyValueSpecification\",\"valueRequired\":true,\"valueName\":\"search_term_string\"}}],\"inLanguage\":\"pt-BR\"},{\"@type\":\"Organization\",\"@id\":\"https:\/\/www.bienaleditora.com.br\/site\/#organization\",\"name\":\"Bienal Editora\",\"url\":\"https:\/\/www.bienaleditora.com.br\/site\/\",\"logo\":{\"@type\":\"ImageObject\",\"inLanguage\":\"pt-BR\",\"@id\":\"https:\/\/www.bienaleditora.com.br\/site\/#\/schema\/logo\/image\/\",\"url\":\"https:\/\/www.bienaleditora.com.br\/site\/wp-content\/uploads\/2014\/01\/logomarca_png.png\",\"contentUrl\":\"https:\/\/www.bienaleditora.com.br\/site\/wp-content\/uploads\/2014\/01\/logomarca_png.png\",\"width\":145,\"height\":79,\"caption\":\"Bienal Editora\"},\"image\":{\"@id\":\"https:\/\/www.bienaleditora.com.br\/site\/#\/schema\/logo\/image\/\"}}]}<\/script>\n<!-- \/ Yoast SEO plugin. -->","yoast_head_json":{"title":"Em busca de uma rede na varanda - Bienal Editora","robots":{"index":"index","follow":"follow","max-snippet":"max-snippet:-1","max-image-preview":"max-image-preview:large","max-video-preview":"max-video-preview:-1"},"canonical":"https:\/\/www.bienaleditora.com.br\/site\/produto\/em-busca-de-uma-rede-na-varanda\/","og_locale":"pt_BR","og_type":"article","og_title":"Em busca de uma rede na varanda - Bienal Editora","og_description":"Em busca de uma rede na varanda, novo livro do escritor e acad\u00eamico Oton Lustosa, comp\u00f5e-se de 12 contos, que interpretam o cotidiano da vida. Temas como forma\u00e7\u00e3o de opini\u00e3o, internet, saudosismo, viol\u00eancia, sorte, pol\u00edtica, subemprego, fracasso no casamento, desilus\u00e3o e f\u00e9 avultam na obra. Outros, com singularidades inusitadas tamb\u00e9m se fazem presentes, todos, por\u00e9m, com suporte na vida e suas circunst\u00e2ncias.","og_url":"https:\/\/www.bienaleditora.com.br\/site\/produto\/em-busca-de-uma-rede-na-varanda\/","og_site_name":"Bienal Editora","article_modified_time":"2026-01-08T13:56:52+00:00","og_image":[{"width":800,"height":800,"url":"https:\/\/www.bienaleditora.com.br\/site\/wp-content\/uploads\/2022\/05\/livro-oton-1.jpg","type":"image\/jpeg"}],"twitter_card":"summary_large_image","schema":{"@context":"https:\/\/schema.org","@graph":[{"@type":"WebPage","@id":"https:\/\/www.bienaleditora.com.br\/site\/produto\/em-busca-de-uma-rede-na-varanda\/","url":"https:\/\/www.bienaleditora.com.br\/site\/produto\/em-busca-de-uma-rede-na-varanda\/","name":"Em busca de uma rede na varanda - Bienal Editora","isPartOf":{"@id":"https:\/\/www.bienaleditora.com.br\/site\/#website"},"primaryImageOfPage":{"@id":"https:\/\/www.bienaleditora.com.br\/site\/produto\/em-busca-de-uma-rede-na-varanda\/#primaryimage"},"image":{"@id":"https:\/\/www.bienaleditora.com.br\/site\/produto\/em-busca-de-uma-rede-na-varanda\/#primaryimage"},"thumbnailUrl":"https:\/\/www.bienaleditora.com.br\/site\/wp-content\/uploads\/2022\/05\/livro-oton-1.jpg","datePublished":"2022-05-18T10:57:04+00:00","dateModified":"2026-01-08T13:56:52+00:00","breadcrumb":{"@id":"https:\/\/www.bienaleditora.com.br\/site\/produto\/em-busca-de-uma-rede-na-varanda\/#breadcrumb"},"inLanguage":"pt-BR","potentialAction":[{"@type":"ReadAction","target":["https:\/\/www.bienaleditora.com.br\/site\/produto\/em-busca-de-uma-rede-na-varanda\/"]}]},{"@type":"ImageObject","inLanguage":"pt-BR","@id":"https:\/\/www.bienaleditora.com.br\/site\/produto\/em-busca-de-uma-rede-na-varanda\/#primaryimage","url":"https:\/\/www.bienaleditora.com.br\/site\/wp-content\/uploads\/2022\/05\/livro-oton-1.jpg","contentUrl":"https:\/\/www.bienaleditora.com.br\/site\/wp-content\/uploads\/2022\/05\/livro-oton-1.jpg","width":800,"height":800},{"@type":"BreadcrumbList","@id":"https:\/\/www.bienaleditora.com.br\/site\/produto\/em-busca-de-uma-rede-na-varanda\/#breadcrumb","itemListElement":[{"@type":"ListItem","position":1,"name":"Home","item":"https:\/\/www.bienaleditora.com.br\/site\/"},{"@type":"ListItem","position":2,"name":"Loja","item":"https:\/\/www.bienaleditora.com.br\/site\/loja\/"},{"@type":"ListItem","position":3,"name":"Em busca de uma rede na varanda"}]},{"@type":"WebSite","@id":"https:\/\/www.bienaleditora.com.br\/site\/#website","url":"https:\/\/www.bienaleditora.com.br\/site\/","name":"Bienal Editora","description":"Uma editora jovem, n\u00e3o s\u00f3 na idade \u2014 afinal foi fundada em dezembro de 2012 \u2014 mas no esp\u00edrito inovador de optar pela publica\u00e7\u00e3o de fic\u00e7\u00e3o e n\u00e3o fic\u00e7\u00e3o priorizando a qualidade, e n\u00e3o a quantidade de lan\u00e7amentos.","publisher":{"@id":"https:\/\/www.bienaleditora.com.br\/site\/#organization"},"potentialAction":[{"@type":"SearchAction","target":{"@type":"EntryPoint","urlTemplate":"https:\/\/www.bienaleditora.com.br\/site\/?s={search_term_string}"},"query-input":{"@type":"PropertyValueSpecification","valueRequired":true,"valueName":"search_term_string"}}],"inLanguage":"pt-BR"},{"@type":"Organization","@id":"https:\/\/www.bienaleditora.com.br\/site\/#organization","name":"Bienal Editora","url":"https:\/\/www.bienaleditora.com.br\/site\/","logo":{"@type":"ImageObject","inLanguage":"pt-BR","@id":"https:\/\/www.bienaleditora.com.br\/site\/#\/schema\/logo\/image\/","url":"https:\/\/www.bienaleditora.com.br\/site\/wp-content\/uploads\/2014\/01\/logomarca_png.png","contentUrl":"https:\/\/www.bienaleditora.com.br\/site\/wp-content\/uploads\/2014\/01\/logomarca_png.png","width":145,"height":79,"caption":"Bienal Editora"},"image":{"@id":"https:\/\/www.bienaleditora.com.br\/site\/#\/schema\/logo\/image\/"}}]}},"_links":{"self":[{"href":"https:\/\/www.bienaleditora.com.br\/site\/wp-json\/wp\/v2\/product\/2838","targetHints":{"allow":["GET"]}}],"collection":[{"href":"https:\/\/www.bienaleditora.com.br\/site\/wp-json\/wp\/v2\/product"}],"about":[{"href":"https:\/\/www.bienaleditora.com.br\/site\/wp-json\/wp\/v2\/types\/product"}],"replies":[{"embeddable":true,"href":"https:\/\/www.bienaleditora.com.br\/site\/wp-json\/wp\/v2\/comments?post=2838"}],"wp:featuredmedia":[{"embeddable":true,"href":"https:\/\/www.bienaleditora.com.br\/site\/wp-json\/wp\/v2\/media\/3409"}],"wp:attachment":[{"href":"https:\/\/www.bienaleditora.com.br\/site\/wp-json\/wp\/v2\/media?parent=2838"}],"wp:term":[{"taxonomy":"product_brand","embeddable":true,"href":"https:\/\/www.bienaleditora.com.br\/site\/wp-json\/wp\/v2\/product_brand?post=2838"},{"taxonomy":"product_cat","embeddable":true,"href":"https:\/\/www.bienaleditora.com.br\/site\/wp-json\/wp\/v2\/product_cat?post=2838"},{"taxonomy":"product_tag","embeddable":true,"href":"https:\/\/www.bienaleditora.com.br\/site\/wp-json\/wp\/v2\/product_tag?post=2838"}],"curies":[{"name":"wp","href":"https:\/\/api.w.org\/{rel}","templated":true}]}}