{"id":2956,"date":"2023-01-06T08:33:19","date_gmt":"2023-01-06T11:33:19","guid":{"rendered":"https:\/\/www.bienaleditora.com.br\/site\/?post_type=product&#038;p=2956"},"modified":"2026-01-08T10:56:39","modified_gmt":"2026-01-08T13:56:39","slug":"hgv-um-marco-na-saude-do-piaui","status":"publish","type":"product","link":"https:\/\/www.bienaleditora.com.br\/site\/produto\/hgv-um-marco-na-saude-do-piaui\/","title":{"rendered":"HGV \u2013 Um marco na sa\u00fade do Piau\u00ed"},"content":{"rendered":"<p>O livro conta a hist\u00f3ria do Hospital Get\u00falio Vargas, no encerramento das comemora\u00e7\u00f5es dos 80 anos de sua inaugura\u00e7\u00e3o. Nestas oito d\u00e9cadas de funcionamento ininterrupto, o hospital afirmou-se como um marco na hist\u00f3ria da sa\u00fade no Piau\u00ed. Transformado em hospital-escola, foi a semente do Polo de Sa\u00fade de Teresina, contribuindo para a eleva\u00e7\u00e3o da capital piauiense \u00e0 condi\u00e7\u00e3o de Centro de Refer\u00eancia em Sa\u00fade do Norte e Nordeste do Brasil.<\/p>\n","protected":false},"excerpt":{"rendered":"<p>O livro conta a hist\u00f3ria do Hospital Get\u00falio Vargas, no encerramento das comemora\u00e7\u00f5es dos 80 anos de sua inaugura\u00e7\u00e3o. Nestas oito d\u00e9cadas de funcionamento ininterrupto, o hospital afirmou-se como um marco na hist\u00f3ria da sa\u00fade no Piau\u00ed. Transformado em hospital-escola, foi a semente do Polo de Sa\u00fade de Teresina, contribuindo para a eleva\u00e7\u00e3o da capital piauiense \u00e0 condi\u00e7\u00e3o de Centro de Refer\u00eancia em Sa\u00fade do Norte e Nordeste do Brasil.<\/p>\n","protected":false},"featured_media":2955,"comment_status":"closed","ping_status":"closed","template":"","meta":{"_acf_changed":false},"product_brand":[],"product_cat":[93],"product_tag":[],"class_list":{"0":"post-2956","1":"product","2":"type-product","3":"status-publish","4":"has-post-thumbnail","6":"product_cat-biografias","8":"first","9":"instock","10":"shipping-taxable","11":"purchasable","12":"product-type-simple"},"acf":[],"yoast_head":"<!-- This site is optimized with the Yoast SEO plugin v26.7 - https:\/\/yoast.com\/wordpress\/plugins\/seo\/ -->\n<title>HGV \u2013 Um marco na sa\u00fade do Piau\u00ed - Bienal Editora<\/title>\n<meta name=\"robots\" content=\"index, follow, max-snippet:-1, max-image-preview:large, max-video-preview:-1\" \/>\n<link rel=\"canonical\" href=\"https:\/\/www.bienaleditora.com.br\/site\/produto\/hgv-um-marco-na-saude-do-piaui\/\" \/>\n<meta property=\"og:locale\" content=\"pt_BR\" \/>\n<meta property=\"og:type\" content=\"article\" \/>\n<meta property=\"og:title\" content=\"HGV \u2013 Um marco na sa\u00fade do Piau\u00ed - Bienal Editora\" \/>\n<meta property=\"og:description\" content=\"O livro conta a hist\u00f3ria do Hospital Get\u00falio Vargas, no encerramento das comemora\u00e7\u00f5es dos 80 anos de sua inaugura\u00e7\u00e3o. Nestas oito d\u00e9cadas de funcionamento ininterrupto, o hospital afirmou-se como um marco na hist\u00f3ria da sa\u00fade no Piau\u00ed. Transformado em hospital-escola, foi a semente do Polo de Sa\u00fade de Teresina, contribuindo para a eleva\u00e7\u00e3o da capital piauiense \u00e0 condi\u00e7\u00e3o de Centro de Refer\u00eancia em Sa\u00fade do Norte e Nordeste do Brasil.\" \/>\n<meta property=\"og:url\" content=\"https:\/\/www.bienaleditora.com.br\/site\/produto\/hgv-um-marco-na-saude-do-piaui\/\" \/>\n<meta property=\"og:site_name\" content=\"Bienal Editora\" \/>\n<meta property=\"article:modified_time\" content=\"2026-01-08T13:56:39+00:00\" \/>\n<meta property=\"og:image\" content=\"https:\/\/www.bienaleditora.com.br\/site\/wp-content\/uploads\/2021\/05\/PHOTO-2022-12-30-17-07-20.jpg\" \/>\n\t<meta property=\"og:image:width\" content=\"952\" \/>\n\t<meta property=\"og:image:height\" content=\"881\" \/>\n\t<meta property=\"og:image:type\" content=\"image\/jpeg\" \/>\n<meta name=\"twitter:card\" content=\"summary_large_image\" \/>\n<script type=\"application\/ld+json\" class=\"yoast-schema-graph\">{\"@context\":\"https:\/\/schema.org\",\"@graph\":[{\"@type\":\"WebPage\",\"@id\":\"https:\/\/www.bienaleditora.com.br\/site\/produto\/hgv-um-marco-na-saude-do-piaui\/\",\"url\":\"https:\/\/www.bienaleditora.com.br\/site\/produto\/hgv-um-marco-na-saude-do-piaui\/\",\"name\":\"HGV \u2013 Um marco na sa\u00fade do Piau\u00ed - Bienal Editora\",\"isPartOf\":{\"@id\":\"https:\/\/www.bienaleditora.com.br\/site\/#website\"},\"primaryImageOfPage\":{\"@id\":\"https:\/\/www.bienaleditora.com.br\/site\/produto\/hgv-um-marco-na-saude-do-piaui\/#primaryimage\"},\"image\":{\"@id\":\"https:\/\/www.bienaleditora.com.br\/site\/produto\/hgv-um-marco-na-saude-do-piaui\/#primaryimage\"},\"thumbnailUrl\":\"https:\/\/www.bienaleditora.com.br\/site\/wp-content\/uploads\/2021\/05\/PHOTO-2022-12-30-17-07-20.jpg\",\"datePublished\":\"2023-01-06T11:33:19+00:00\",\"dateModified\":\"2026-01-08T13:56:39+00:00\",\"breadcrumb\":{\"@id\":\"https:\/\/www.bienaleditora.com.br\/site\/produto\/hgv-um-marco-na-saude-do-piaui\/#breadcrumb\"},\"inLanguage\":\"pt-BR\",\"potentialAction\":[{\"@type\":\"ReadAction\",\"target\":[\"https:\/\/www.bienaleditora.com.br\/site\/produto\/hgv-um-marco-na-saude-do-piaui\/\"]}]},{\"@type\":\"ImageObject\",\"inLanguage\":\"pt-BR\",\"@id\":\"https:\/\/www.bienaleditora.com.br\/site\/produto\/hgv-um-marco-na-saude-do-piaui\/#primaryimage\",\"url\":\"https:\/\/www.bienaleditora.com.br\/site\/wp-content\/uploads\/2021\/05\/PHOTO-2022-12-30-17-07-20.jpg\",\"contentUrl\":\"https:\/\/www.bienaleditora.com.br\/site\/wp-content\/uploads\/2021\/05\/PHOTO-2022-12-30-17-07-20.jpg\",\"width\":952,\"height\":881},{\"@type\":\"BreadcrumbList\",\"@id\":\"https:\/\/www.bienaleditora.com.br\/site\/produto\/hgv-um-marco-na-saude-do-piaui\/#breadcrumb\",\"itemListElement\":[{\"@type\":\"ListItem\",\"position\":1,\"name\":\"Home\",\"item\":\"https:\/\/www.bienaleditora.com.br\/site\/\"},{\"@type\":\"ListItem\",\"position\":2,\"name\":\"Loja\",\"item\":\"https:\/\/www.bienaleditora.com.br\/site\/loja\/\"},{\"@type\":\"ListItem\",\"position\":3,\"name\":\"HGV \u2013 Um marco na sa\u00fade do Piau\u00ed\"}]},{\"@type\":\"WebSite\",\"@id\":\"https:\/\/www.bienaleditora.com.br\/site\/#website\",\"url\":\"https:\/\/www.bienaleditora.com.br\/site\/\",\"name\":\"Bienal Editora\",\"description\":\"Uma editora jovem, n\u00e3o s\u00f3 na idade \u2014 afinal foi fundada em dezembro de 2012 \u2014 mas no esp\u00edrito inovador de optar pela publica\u00e7\u00e3o de fic\u00e7\u00e3o e n\u00e3o fic\u00e7\u00e3o priorizando a qualidade, e n\u00e3o a quantidade de lan\u00e7amentos.\",\"publisher\":{\"@id\":\"https:\/\/www.bienaleditora.com.br\/site\/#organization\"},\"potentialAction\":[{\"@type\":\"SearchAction\",\"target\":{\"@type\":\"EntryPoint\",\"urlTemplate\":\"https:\/\/www.bienaleditora.com.br\/site\/?s={search_term_string}\"},\"query-input\":{\"@type\":\"PropertyValueSpecification\",\"valueRequired\":true,\"valueName\":\"search_term_string\"}}],\"inLanguage\":\"pt-BR\"},{\"@type\":\"Organization\",\"@id\":\"https:\/\/www.bienaleditora.com.br\/site\/#organization\",\"name\":\"Bienal Editora\",\"url\":\"https:\/\/www.bienaleditora.com.br\/site\/\",\"logo\":{\"@type\":\"ImageObject\",\"inLanguage\":\"pt-BR\",\"@id\":\"https:\/\/www.bienaleditora.com.br\/site\/#\/schema\/logo\/image\/\",\"url\":\"https:\/\/www.bienaleditora.com.br\/site\/wp-content\/uploads\/2014\/01\/logomarca_png.png\",\"contentUrl\":\"https:\/\/www.bienaleditora.com.br\/site\/wp-content\/uploads\/2014\/01\/logomarca_png.png\",\"width\":145,\"height\":79,\"caption\":\"Bienal Editora\"},\"image\":{\"@id\":\"https:\/\/www.bienaleditora.com.br\/site\/#\/schema\/logo\/image\/\"}}]}<\/script>\n<!-- \/ Yoast SEO plugin. -->","yoast_head_json":{"title":"HGV \u2013 Um marco na sa\u00fade do Piau\u00ed - Bienal Editora","robots":{"index":"index","follow":"follow","max-snippet":"max-snippet:-1","max-image-preview":"max-image-preview:large","max-video-preview":"max-video-preview:-1"},"canonical":"https:\/\/www.bienaleditora.com.br\/site\/produto\/hgv-um-marco-na-saude-do-piaui\/","og_locale":"pt_BR","og_type":"article","og_title":"HGV \u2013 Um marco na sa\u00fade do Piau\u00ed - Bienal Editora","og_description":"O livro conta a hist\u00f3ria do Hospital Get\u00falio Vargas, no encerramento das comemora\u00e7\u00f5es dos 80 anos de sua inaugura\u00e7\u00e3o. Nestas oito d\u00e9cadas de funcionamento ininterrupto, o hospital afirmou-se como um marco na hist\u00f3ria da sa\u00fade no Piau\u00ed. Transformado em hospital-escola, foi a semente do Polo de Sa\u00fade de Teresina, contribuindo para a eleva\u00e7\u00e3o da capital piauiense \u00e0 condi\u00e7\u00e3o de Centro de Refer\u00eancia em Sa\u00fade do Norte e Nordeste do Brasil.","og_url":"https:\/\/www.bienaleditora.com.br\/site\/produto\/hgv-um-marco-na-saude-do-piaui\/","og_site_name":"Bienal Editora","article_modified_time":"2026-01-08T13:56:39+00:00","og_image":[{"width":952,"height":881,"url":"https:\/\/www.bienaleditora.com.br\/site\/wp-content\/uploads\/2021\/05\/PHOTO-2022-12-30-17-07-20.jpg","type":"image\/jpeg"}],"twitter_card":"summary_large_image","schema":{"@context":"https:\/\/schema.org","@graph":[{"@type":"WebPage","@id":"https:\/\/www.bienaleditora.com.br\/site\/produto\/hgv-um-marco-na-saude-do-piaui\/","url":"https:\/\/www.bienaleditora.com.br\/site\/produto\/hgv-um-marco-na-saude-do-piaui\/","name":"HGV \u2013 Um marco na sa\u00fade do Piau\u00ed - Bienal Editora","isPartOf":{"@id":"https:\/\/www.bienaleditora.com.br\/site\/#website"},"primaryImageOfPage":{"@id":"https:\/\/www.bienaleditora.com.br\/site\/produto\/hgv-um-marco-na-saude-do-piaui\/#primaryimage"},"image":{"@id":"https:\/\/www.bienaleditora.com.br\/site\/produto\/hgv-um-marco-na-saude-do-piaui\/#primaryimage"},"thumbnailUrl":"https:\/\/www.bienaleditora.com.br\/site\/wp-content\/uploads\/2021\/05\/PHOTO-2022-12-30-17-07-20.jpg","datePublished":"2023-01-06T11:33:19+00:00","dateModified":"2026-01-08T13:56:39+00:00","breadcrumb":{"@id":"https:\/\/www.bienaleditora.com.br\/site\/produto\/hgv-um-marco-na-saude-do-piaui\/#breadcrumb"},"inLanguage":"pt-BR","potentialAction":[{"@type":"ReadAction","target":["https:\/\/www.bienaleditora.com.br\/site\/produto\/hgv-um-marco-na-saude-do-piaui\/"]}]},{"@type":"ImageObject","inLanguage":"pt-BR","@id":"https:\/\/www.bienaleditora.com.br\/site\/produto\/hgv-um-marco-na-saude-do-piaui\/#primaryimage","url":"https:\/\/www.bienaleditora.com.br\/site\/wp-content\/uploads\/2021\/05\/PHOTO-2022-12-30-17-07-20.jpg","contentUrl":"https:\/\/www.bienaleditora.com.br\/site\/wp-content\/uploads\/2021\/05\/PHOTO-2022-12-30-17-07-20.jpg","width":952,"height":881},{"@type":"BreadcrumbList","@id":"https:\/\/www.bienaleditora.com.br\/site\/produto\/hgv-um-marco-na-saude-do-piaui\/#breadcrumb","itemListElement":[{"@type":"ListItem","position":1,"name":"Home","item":"https:\/\/www.bienaleditora.com.br\/site\/"},{"@type":"ListItem","position":2,"name":"Loja","item":"https:\/\/www.bienaleditora.com.br\/site\/loja\/"},{"@type":"ListItem","position":3,"name":"HGV \u2013 Um marco na sa\u00fade do Piau\u00ed"}]},{"@type":"WebSite","@id":"https:\/\/www.bienaleditora.com.br\/site\/#website","url":"https:\/\/www.bienaleditora.com.br\/site\/","name":"Bienal Editora","description":"Uma editora jovem, n\u00e3o s\u00f3 na idade \u2014 afinal foi fundada em dezembro de 2012 \u2014 mas no esp\u00edrito inovador de optar pela publica\u00e7\u00e3o de fic\u00e7\u00e3o e n\u00e3o fic\u00e7\u00e3o priorizando a qualidade, e n\u00e3o a quantidade de lan\u00e7amentos.","publisher":{"@id":"https:\/\/www.bienaleditora.com.br\/site\/#organization"},"potentialAction":[{"@type":"SearchAction","target":{"@type":"EntryPoint","urlTemplate":"https:\/\/www.bienaleditora.com.br\/site\/?s={search_term_string}"},"query-input":{"@type":"PropertyValueSpecification","valueRequired":true,"valueName":"search_term_string"}}],"inLanguage":"pt-BR"},{"@type":"Organization","@id":"https:\/\/www.bienaleditora.com.br\/site\/#organization","name":"Bienal Editora","url":"https:\/\/www.bienaleditora.com.br\/site\/","logo":{"@type":"ImageObject","inLanguage":"pt-BR","@id":"https:\/\/www.bienaleditora.com.br\/site\/#\/schema\/logo\/image\/","url":"https:\/\/www.bienaleditora.com.br\/site\/wp-content\/uploads\/2014\/01\/logomarca_png.png","contentUrl":"https:\/\/www.bienaleditora.com.br\/site\/wp-content\/uploads\/2014\/01\/logomarca_png.png","width":145,"height":79,"caption":"Bienal Editora"},"image":{"@id":"https:\/\/www.bienaleditora.com.br\/site\/#\/schema\/logo\/image\/"}}]}},"_links":{"self":[{"href":"https:\/\/www.bienaleditora.com.br\/site\/wp-json\/wp\/v2\/product\/2956","targetHints":{"allow":["GET"]}}],"collection":[{"href":"https:\/\/www.bienaleditora.com.br\/site\/wp-json\/wp\/v2\/product"}],"about":[{"href":"https:\/\/www.bienaleditora.com.br\/site\/wp-json\/wp\/v2\/types\/product"}],"replies":[{"embeddable":true,"href":"https:\/\/www.bienaleditora.com.br\/site\/wp-json\/wp\/v2\/comments?post=2956"}],"wp:featuredmedia":[{"embeddable":true,"href":"https:\/\/www.bienaleditora.com.br\/site\/wp-json\/wp\/v2\/media\/2955"}],"wp:attachment":[{"href":"https:\/\/www.bienaleditora.com.br\/site\/wp-json\/wp\/v2\/media?parent=2956"}],"wp:term":[{"taxonomy":"product_brand","embeddable":true,"href":"https:\/\/www.bienaleditora.com.br\/site\/wp-json\/wp\/v2\/product_brand?post=2956"},{"taxonomy":"product_cat","embeddable":true,"href":"https:\/\/www.bienaleditora.com.br\/site\/wp-json\/wp\/v2\/product_cat?post=2956"},{"taxonomy":"product_tag","embeddable":true,"href":"https:\/\/www.bienaleditora.com.br\/site\/wp-json\/wp\/v2\/product_tag?post=2956"}],"curies":[{"name":"wp","href":"https:\/\/api.w.org\/{rel}","templated":true}]}}