{"id":2957,"date":"2023-01-06T08:40:01","date_gmt":"2023-01-06T11:40:01","guid":{"rendered":"https:\/\/www.bienaleditora.com.br\/site\/?post_type=product&#038;p=2957"},"modified":"2026-01-08T10:56:23","modified_gmt":"2026-01-08T13:56:23","slug":"caminhos-de-versos","status":"publish","type":"product","link":"https:\/\/www.bienaleditora.com.br\/site\/produto\/caminhos-de-versos\/","title":{"rendered":"Caminhos de Versos"},"content":{"rendered":"<p>Muito al\u00e9m da mera autobiografia do autor, o poeta popular, cordelista e cantador Jo\u00e3o Tavares, este livro \u00e9, sobretudo, uma li\u00e7\u00e3o de vida, pois mostra a luta tenaz de um poeta do povo para exercer a sua arte, superando as gigantescas limita\u00e7\u00f5es impostas pelo meio. Ao tempo dos fatos narrados, o cantador era o artista popular do sert\u00e3o nordestino, sempre requisitado, cortejado e aplaudido onde assentava os p\u00e9s. Com a leitura do livro, \u00e9 poss\u00edvel conhecer as t\u00e9cnicas da cantoria e seus principais estilos, bem como as t\u00e9cnicas de leitura e produ\u00e7\u00e3o do cordel.<\/p>\n","protected":false},"excerpt":{"rendered":"<p>Muito al\u00e9m da mera autobiografia do autor, o poeta popular, cordelista e cantador Jo\u00e3o Tavares, este livro \u00e9, sobretudo, uma li\u00e7\u00e3o de vida, pois mostra a luta tenaz de um poeta do povo para exercer a sua arte, superando as gigantescas limita\u00e7\u00f5es impostas pelo meio. Ao tempo dos fatos narrados, o cantador era o artista popular do sert\u00e3o nordestino, sempre requisitado, cortejado e aplaudido onde assentava os p\u00e9s. Com a leitura do livro, \u00e9 poss\u00edvel conhecer as t\u00e9cnicas da cantoria e seus principais estilos, bem como as t\u00e9cnicas de leitura e produ\u00e7\u00e3o do cordel.<\/p>\n","protected":false},"featured_media":3411,"comment_status":"closed","ping_status":"closed","template":"","meta":{"_acf_changed":false},"product_brand":[],"product_cat":[96],"product_tag":[],"class_list":{"0":"post-2957","1":"product","2":"type-product","3":"status-publish","4":"has-post-thumbnail","6":"product_cat-poesia","8":"first","9":"instock","10":"shipping-taxable","11":"purchasable","12":"product-type-simple"},"acf":[],"yoast_head":"<!-- This site is optimized with the Yoast SEO plugin v26.7 - https:\/\/yoast.com\/wordpress\/plugins\/seo\/ -->\n<title>Caminhos de Versos - Bienal Editora<\/title>\n<meta name=\"robots\" content=\"index, follow, max-snippet:-1, max-image-preview:large, max-video-preview:-1\" \/>\n<link rel=\"canonical\" href=\"https:\/\/www.bienaleditora.com.br\/site\/produto\/caminhos-de-versos\/\" \/>\n<meta property=\"og:locale\" content=\"pt_BR\" \/>\n<meta property=\"og:type\" content=\"article\" \/>\n<meta property=\"og:title\" content=\"Caminhos de Versos - Bienal Editora\" \/>\n<meta property=\"og:description\" content=\"Muito al\u00e9m da mera autobiografia do autor, o poeta popular, cordelista e cantador Jo\u00e3o Tavares, este livro \u00e9, sobretudo, uma li\u00e7\u00e3o de vida, pois mostra a luta tenaz de um poeta do povo para exercer a sua arte, superando as gigantescas limita\u00e7\u00f5es impostas pelo meio. Ao tempo dos fatos narrados, o cantador era o artista popular do sert\u00e3o nordestino, sempre requisitado, cortejado e aplaudido onde assentava os p\u00e9s. Com a leitura do livro, \u00e9 poss\u00edvel conhecer as t\u00e9cnicas da cantoria e seus principais estilos, bem como as t\u00e9cnicas de leitura e produ\u00e7\u00e3o do cordel.\" \/>\n<meta property=\"og:url\" content=\"https:\/\/www.bienaleditora.com.br\/site\/produto\/caminhos-de-versos\/\" \/>\n<meta property=\"og:site_name\" content=\"Bienal Editora\" \/>\n<meta property=\"article:modified_time\" content=\"2026-01-08T13:56:23+00:00\" \/>\n<meta property=\"og:image\" content=\"https:\/\/www.bienaleditora.com.br\/site\/wp-content\/uploads\/2023\/01\/caminhos-1.jpg\" \/>\n\t<meta property=\"og:image:width\" content=\"800\" \/>\n\t<meta property=\"og:image:height\" content=\"800\" \/>\n\t<meta property=\"og:image:type\" content=\"image\/jpeg\" \/>\n<meta name=\"twitter:card\" content=\"summary_large_image\" \/>\n<meta name=\"twitter:label1\" content=\"Est. tempo de leitura\" \/>\n\t<meta name=\"twitter:data1\" content=\"1 minuto\" \/>\n<script type=\"application\/ld+json\" class=\"yoast-schema-graph\">{\"@context\":\"https:\/\/schema.org\",\"@graph\":[{\"@type\":\"WebPage\",\"@id\":\"https:\/\/www.bienaleditora.com.br\/site\/produto\/caminhos-de-versos\/\",\"url\":\"https:\/\/www.bienaleditora.com.br\/site\/produto\/caminhos-de-versos\/\",\"name\":\"Caminhos de Versos - Bienal Editora\",\"isPartOf\":{\"@id\":\"https:\/\/www.bienaleditora.com.br\/site\/#website\"},\"primaryImageOfPage\":{\"@id\":\"https:\/\/www.bienaleditora.com.br\/site\/produto\/caminhos-de-versos\/#primaryimage\"},\"image\":{\"@id\":\"https:\/\/www.bienaleditora.com.br\/site\/produto\/caminhos-de-versos\/#primaryimage\"},\"thumbnailUrl\":\"https:\/\/www.bienaleditora.com.br\/site\/wp-content\/uploads\/2023\/01\/caminhos-1.jpg\",\"datePublished\":\"2023-01-06T11:40:01+00:00\",\"dateModified\":\"2026-01-08T13:56:23+00:00\",\"breadcrumb\":{\"@id\":\"https:\/\/www.bienaleditora.com.br\/site\/produto\/caminhos-de-versos\/#breadcrumb\"},\"inLanguage\":\"pt-BR\",\"potentialAction\":[{\"@type\":\"ReadAction\",\"target\":[\"https:\/\/www.bienaleditora.com.br\/site\/produto\/caminhos-de-versos\/\"]}]},{\"@type\":\"ImageObject\",\"inLanguage\":\"pt-BR\",\"@id\":\"https:\/\/www.bienaleditora.com.br\/site\/produto\/caminhos-de-versos\/#primaryimage\",\"url\":\"https:\/\/www.bienaleditora.com.br\/site\/wp-content\/uploads\/2023\/01\/caminhos-1.jpg\",\"contentUrl\":\"https:\/\/www.bienaleditora.com.br\/site\/wp-content\/uploads\/2023\/01\/caminhos-1.jpg\",\"width\":800,\"height\":800},{\"@type\":\"BreadcrumbList\",\"@id\":\"https:\/\/www.bienaleditora.com.br\/site\/produto\/caminhos-de-versos\/#breadcrumb\",\"itemListElement\":[{\"@type\":\"ListItem\",\"position\":1,\"name\":\"Home\",\"item\":\"https:\/\/www.bienaleditora.com.br\/site\/\"},{\"@type\":\"ListItem\",\"position\":2,\"name\":\"Loja\",\"item\":\"https:\/\/www.bienaleditora.com.br\/site\/loja\/\"},{\"@type\":\"ListItem\",\"position\":3,\"name\":\"Caminhos de Versos\"}]},{\"@type\":\"WebSite\",\"@id\":\"https:\/\/www.bienaleditora.com.br\/site\/#website\",\"url\":\"https:\/\/www.bienaleditora.com.br\/site\/\",\"name\":\"Bienal Editora\",\"description\":\"Uma editora jovem, n\u00e3o s\u00f3 na idade \u2014 afinal foi fundada em dezembro de 2012 \u2014 mas no esp\u00edrito inovador de optar pela publica\u00e7\u00e3o de fic\u00e7\u00e3o e n\u00e3o fic\u00e7\u00e3o priorizando a qualidade, e n\u00e3o a quantidade de lan\u00e7amentos.\",\"publisher\":{\"@id\":\"https:\/\/www.bienaleditora.com.br\/site\/#organization\"},\"potentialAction\":[{\"@type\":\"SearchAction\",\"target\":{\"@type\":\"EntryPoint\",\"urlTemplate\":\"https:\/\/www.bienaleditora.com.br\/site\/?s={search_term_string}\"},\"query-input\":{\"@type\":\"PropertyValueSpecification\",\"valueRequired\":true,\"valueName\":\"search_term_string\"}}],\"inLanguage\":\"pt-BR\"},{\"@type\":\"Organization\",\"@id\":\"https:\/\/www.bienaleditora.com.br\/site\/#organization\",\"name\":\"Bienal Editora\",\"url\":\"https:\/\/www.bienaleditora.com.br\/site\/\",\"logo\":{\"@type\":\"ImageObject\",\"inLanguage\":\"pt-BR\",\"@id\":\"https:\/\/www.bienaleditora.com.br\/site\/#\/schema\/logo\/image\/\",\"url\":\"https:\/\/www.bienaleditora.com.br\/site\/wp-content\/uploads\/2014\/01\/logomarca_png.png\",\"contentUrl\":\"https:\/\/www.bienaleditora.com.br\/site\/wp-content\/uploads\/2014\/01\/logomarca_png.png\",\"width\":145,\"height\":79,\"caption\":\"Bienal Editora\"},\"image\":{\"@id\":\"https:\/\/www.bienaleditora.com.br\/site\/#\/schema\/logo\/image\/\"}}]}<\/script>\n<!-- \/ Yoast SEO plugin. -->","yoast_head_json":{"title":"Caminhos de Versos - Bienal Editora","robots":{"index":"index","follow":"follow","max-snippet":"max-snippet:-1","max-image-preview":"max-image-preview:large","max-video-preview":"max-video-preview:-1"},"canonical":"https:\/\/www.bienaleditora.com.br\/site\/produto\/caminhos-de-versos\/","og_locale":"pt_BR","og_type":"article","og_title":"Caminhos de Versos - Bienal Editora","og_description":"Muito al\u00e9m da mera autobiografia do autor, o poeta popular, cordelista e cantador Jo\u00e3o Tavares, este livro \u00e9, sobretudo, uma li\u00e7\u00e3o de vida, pois mostra a luta tenaz de um poeta do povo para exercer a sua arte, superando as gigantescas limita\u00e7\u00f5es impostas pelo meio. Ao tempo dos fatos narrados, o cantador era o artista popular do sert\u00e3o nordestino, sempre requisitado, cortejado e aplaudido onde assentava os p\u00e9s. Com a leitura do livro, \u00e9 poss\u00edvel conhecer as t\u00e9cnicas da cantoria e seus principais estilos, bem como as t\u00e9cnicas de leitura e produ\u00e7\u00e3o do cordel.","og_url":"https:\/\/www.bienaleditora.com.br\/site\/produto\/caminhos-de-versos\/","og_site_name":"Bienal Editora","article_modified_time":"2026-01-08T13:56:23+00:00","og_image":[{"width":800,"height":800,"url":"https:\/\/www.bienaleditora.com.br\/site\/wp-content\/uploads\/2023\/01\/caminhos-1.jpg","type":"image\/jpeg"}],"twitter_card":"summary_large_image","twitter_misc":{"Est. tempo de leitura":"1 minuto"},"schema":{"@context":"https:\/\/schema.org","@graph":[{"@type":"WebPage","@id":"https:\/\/www.bienaleditora.com.br\/site\/produto\/caminhos-de-versos\/","url":"https:\/\/www.bienaleditora.com.br\/site\/produto\/caminhos-de-versos\/","name":"Caminhos de Versos - Bienal Editora","isPartOf":{"@id":"https:\/\/www.bienaleditora.com.br\/site\/#website"},"primaryImageOfPage":{"@id":"https:\/\/www.bienaleditora.com.br\/site\/produto\/caminhos-de-versos\/#primaryimage"},"image":{"@id":"https:\/\/www.bienaleditora.com.br\/site\/produto\/caminhos-de-versos\/#primaryimage"},"thumbnailUrl":"https:\/\/www.bienaleditora.com.br\/site\/wp-content\/uploads\/2023\/01\/caminhos-1.jpg","datePublished":"2023-01-06T11:40:01+00:00","dateModified":"2026-01-08T13:56:23+00:00","breadcrumb":{"@id":"https:\/\/www.bienaleditora.com.br\/site\/produto\/caminhos-de-versos\/#breadcrumb"},"inLanguage":"pt-BR","potentialAction":[{"@type":"ReadAction","target":["https:\/\/www.bienaleditora.com.br\/site\/produto\/caminhos-de-versos\/"]}]},{"@type":"ImageObject","inLanguage":"pt-BR","@id":"https:\/\/www.bienaleditora.com.br\/site\/produto\/caminhos-de-versos\/#primaryimage","url":"https:\/\/www.bienaleditora.com.br\/site\/wp-content\/uploads\/2023\/01\/caminhos-1.jpg","contentUrl":"https:\/\/www.bienaleditora.com.br\/site\/wp-content\/uploads\/2023\/01\/caminhos-1.jpg","width":800,"height":800},{"@type":"BreadcrumbList","@id":"https:\/\/www.bienaleditora.com.br\/site\/produto\/caminhos-de-versos\/#breadcrumb","itemListElement":[{"@type":"ListItem","position":1,"name":"Home","item":"https:\/\/www.bienaleditora.com.br\/site\/"},{"@type":"ListItem","position":2,"name":"Loja","item":"https:\/\/www.bienaleditora.com.br\/site\/loja\/"},{"@type":"ListItem","position":3,"name":"Caminhos de Versos"}]},{"@type":"WebSite","@id":"https:\/\/www.bienaleditora.com.br\/site\/#website","url":"https:\/\/www.bienaleditora.com.br\/site\/","name":"Bienal Editora","description":"Uma editora jovem, n\u00e3o s\u00f3 na idade \u2014 afinal foi fundada em dezembro de 2012 \u2014 mas no esp\u00edrito inovador de optar pela publica\u00e7\u00e3o de fic\u00e7\u00e3o e n\u00e3o fic\u00e7\u00e3o priorizando a qualidade, e n\u00e3o a quantidade de lan\u00e7amentos.","publisher":{"@id":"https:\/\/www.bienaleditora.com.br\/site\/#organization"},"potentialAction":[{"@type":"SearchAction","target":{"@type":"EntryPoint","urlTemplate":"https:\/\/www.bienaleditora.com.br\/site\/?s={search_term_string}"},"query-input":{"@type":"PropertyValueSpecification","valueRequired":true,"valueName":"search_term_string"}}],"inLanguage":"pt-BR"},{"@type":"Organization","@id":"https:\/\/www.bienaleditora.com.br\/site\/#organization","name":"Bienal Editora","url":"https:\/\/www.bienaleditora.com.br\/site\/","logo":{"@type":"ImageObject","inLanguage":"pt-BR","@id":"https:\/\/www.bienaleditora.com.br\/site\/#\/schema\/logo\/image\/","url":"https:\/\/www.bienaleditora.com.br\/site\/wp-content\/uploads\/2014\/01\/logomarca_png.png","contentUrl":"https:\/\/www.bienaleditora.com.br\/site\/wp-content\/uploads\/2014\/01\/logomarca_png.png","width":145,"height":79,"caption":"Bienal Editora"},"image":{"@id":"https:\/\/www.bienaleditora.com.br\/site\/#\/schema\/logo\/image\/"}}]}},"_links":{"self":[{"href":"https:\/\/www.bienaleditora.com.br\/site\/wp-json\/wp\/v2\/product\/2957","targetHints":{"allow":["GET"]}}],"collection":[{"href":"https:\/\/www.bienaleditora.com.br\/site\/wp-json\/wp\/v2\/product"}],"about":[{"href":"https:\/\/www.bienaleditora.com.br\/site\/wp-json\/wp\/v2\/types\/product"}],"replies":[{"embeddable":true,"href":"https:\/\/www.bienaleditora.com.br\/site\/wp-json\/wp\/v2\/comments?post=2957"}],"wp:featuredmedia":[{"embeddable":true,"href":"https:\/\/www.bienaleditora.com.br\/site\/wp-json\/wp\/v2\/media\/3411"}],"wp:attachment":[{"href":"https:\/\/www.bienaleditora.com.br\/site\/wp-json\/wp\/v2\/media?parent=2957"}],"wp:term":[{"taxonomy":"product_brand","embeddable":true,"href":"https:\/\/www.bienaleditora.com.br\/site\/wp-json\/wp\/v2\/product_brand?post=2957"},{"taxonomy":"product_cat","embeddable":true,"href":"https:\/\/www.bienaleditora.com.br\/site\/wp-json\/wp\/v2\/product_cat?post=2957"},{"taxonomy":"product_tag","embeddable":true,"href":"https:\/\/www.bienaleditora.com.br\/site\/wp-json\/wp\/v2\/product_tag?post=2957"}],"curies":[{"name":"wp","href":"https:\/\/api.w.org\/{rel}","templated":true}]}}