{"id":73,"date":"2013-06-08T11:27:38","date_gmt":"2013-06-08T14:27:38","guid":{"rendered":"http:\/\/demo2.woothemes.com\/woocommerce\/?post_type=product&#038;p=73"},"modified":"2026-01-08T10:58:09","modified_gmt":"2026-01-08T13:58:09","slug":"alberto-silva-uma-biografia","status":"publish","type":"product","link":"https:\/\/www.bienaleditora.com.br\/site\/produto\/alberto-silva-uma-biografia\/","title":{"rendered":"Alberto Silva \u2013 Uma biografia"},"content":{"rendered":"<p style=\"text-align: justify;\">O livro \u201cAlberto Silva \u2013 Uma biografia\u201d, do jornalista e escritor Z\u00f3zimo Tavares, \u00e9 o mais novo lan\u00e7amento da Bienal Editora. O livro conta a trajet\u00f3ria profissional e pol\u00edtica do engenheiro, ex-governador e ex-senador Alberto Silva. A obra apresenta o pol\u00edtico como uma das principais personagens da vida p\u00fablica piauiense, na segunda metade do s\u00e9culo 20.<\/p>\n<p>Com 304 p\u00e1ginas, o livro narra a hist\u00f3ria do ex-governador desde o seu nascimento, na Ilha Grande de Santa Isabel, em Parna\u00edba, em 10 de novembro de 1918, at\u00e9 o final de seu primeiro\u00a0seu primeiro mandato de governador do Piau\u00ed (1971-1975).<\/p>\n","protected":false},"excerpt":{"rendered":"<p>O livro \u201cAlberto Silva \u2013 Uma biografia\u201d, do jornalista e escritor Z\u00f3zimo Tavares, \u00e9 o mais novo lan\u00e7amento da Bienal Editora. O livro conta a trajet\u00f3ria profissional e pol\u00edtica do engenheiro, ex-governador e ex-senador Alberto Silva. A obra apresenta o pol\u00edtico como uma das principais personagens da vida p\u00fablica piauiense, na segunda metade do s\u00e9culo [&hellip;]<\/p>\n","protected":false},"featured_media":3415,"comment_status":"open","ping_status":"closed","template":"","meta":{"_acf_changed":false},"product_brand":[],"product_cat":[93],"product_tag":[],"class_list":{"0":"post-73","1":"product","2":"type-product","3":"status-publish","4":"has-post-thumbnail","6":"product_cat-biografias","8":"first","9":"instock","10":"shipping-taxable","11":"purchasable","12":"product-type-simple"},"acf":[],"yoast_head":"<!-- This site is optimized with the Yoast SEO plugin v26.7 - https:\/\/yoast.com\/wordpress\/plugins\/seo\/ -->\n<title>Alberto Silva \u2013 Uma biografia - Bienal Editora<\/title>\n<meta name=\"robots\" content=\"index, follow, max-snippet:-1, max-image-preview:large, max-video-preview:-1\" \/>\n<link rel=\"canonical\" href=\"https:\/\/www.bienaleditora.com.br\/site\/produto\/alberto-silva-uma-biografia\/\" \/>\n<meta property=\"og:locale\" content=\"pt_BR\" \/>\n<meta property=\"og:type\" content=\"article\" \/>\n<meta property=\"og:title\" content=\"Alberto Silva \u2013 Uma biografia - Bienal Editora\" \/>\n<meta property=\"og:description\" content=\"O livro \u201cAlberto Silva \u2013 Uma biografia\u201d, do jornalista e escritor Z\u00f3zimo Tavares, \u00e9 o mais novo lan\u00e7amento da Bienal Editora. O livro conta a trajet\u00f3ria profissional e pol\u00edtica do engenheiro, ex-governador e ex-senador Alberto Silva. A obra apresenta o pol\u00edtico como uma das principais personagens da vida p\u00fablica piauiense, na segunda metade do s\u00e9culo [&hellip;]\" \/>\n<meta property=\"og:url\" content=\"https:\/\/www.bienaleditora.com.br\/site\/produto\/alberto-silva-uma-biografia\/\" \/>\n<meta property=\"og:site_name\" content=\"Bienal Editora\" \/>\n<meta property=\"article:modified_time\" content=\"2026-01-08T13:58:09+00:00\" \/>\n<meta property=\"og:image\" content=\"https:\/\/www.bienaleditora.com.br\/site\/wp-content\/uploads\/2013\/06\/alberto.jpg\" \/>\n\t<meta property=\"og:image:width\" content=\"800\" \/>\n\t<meta property=\"og:image:height\" content=\"800\" \/>\n\t<meta property=\"og:image:type\" content=\"image\/jpeg\" \/>\n<meta name=\"twitter:card\" content=\"summary_large_image\" \/>\n<meta name=\"twitter:label1\" content=\"Est. tempo de leitura\" \/>\n\t<meta name=\"twitter:data1\" content=\"1 minuto\" \/>\n<script type=\"application\/ld+json\" class=\"yoast-schema-graph\">{\"@context\":\"https:\/\/schema.org\",\"@graph\":[{\"@type\":\"WebPage\",\"@id\":\"https:\/\/www.bienaleditora.com.br\/site\/produto\/alberto-silva-uma-biografia\/\",\"url\":\"https:\/\/www.bienaleditora.com.br\/site\/produto\/alberto-silva-uma-biografia\/\",\"name\":\"Alberto Silva \u2013 Uma biografia - Bienal Editora\",\"isPartOf\":{\"@id\":\"https:\/\/www.bienaleditora.com.br\/site\/#website\"},\"primaryImageOfPage\":{\"@id\":\"https:\/\/www.bienaleditora.com.br\/site\/produto\/alberto-silva-uma-biografia\/#primaryimage\"},\"image\":{\"@id\":\"https:\/\/www.bienaleditora.com.br\/site\/produto\/alberto-silva-uma-biografia\/#primaryimage\"},\"thumbnailUrl\":\"https:\/\/www.bienaleditora.com.br\/site\/wp-content\/uploads\/2013\/06\/alberto.jpg\",\"datePublished\":\"2013-06-08T14:27:38+00:00\",\"dateModified\":\"2026-01-08T13:58:09+00:00\",\"breadcrumb\":{\"@id\":\"https:\/\/www.bienaleditora.com.br\/site\/produto\/alberto-silva-uma-biografia\/#breadcrumb\"},\"inLanguage\":\"pt-BR\",\"potentialAction\":[{\"@type\":\"ReadAction\",\"target\":[\"https:\/\/www.bienaleditora.com.br\/site\/produto\/alberto-silva-uma-biografia\/\"]}]},{\"@type\":\"ImageObject\",\"inLanguage\":\"pt-BR\",\"@id\":\"https:\/\/www.bienaleditora.com.br\/site\/produto\/alberto-silva-uma-biografia\/#primaryimage\",\"url\":\"https:\/\/www.bienaleditora.com.br\/site\/wp-content\/uploads\/2013\/06\/alberto.jpg\",\"contentUrl\":\"https:\/\/www.bienaleditora.com.br\/site\/wp-content\/uploads\/2013\/06\/alberto.jpg\",\"width\":800,\"height\":800},{\"@type\":\"BreadcrumbList\",\"@id\":\"https:\/\/www.bienaleditora.com.br\/site\/produto\/alberto-silva-uma-biografia\/#breadcrumb\",\"itemListElement\":[{\"@type\":\"ListItem\",\"position\":1,\"name\":\"Home\",\"item\":\"https:\/\/www.bienaleditora.com.br\/site\/\"},{\"@type\":\"ListItem\",\"position\":2,\"name\":\"Loja\",\"item\":\"https:\/\/www.bienaleditora.com.br\/site\/loja\/\"},{\"@type\":\"ListItem\",\"position\":3,\"name\":\"Alberto Silva \u2013 Uma biografia\"}]},{\"@type\":\"WebSite\",\"@id\":\"https:\/\/www.bienaleditora.com.br\/site\/#website\",\"url\":\"https:\/\/www.bienaleditora.com.br\/site\/\",\"name\":\"Bienal Editora\",\"description\":\"Uma editora jovem, n\u00e3o s\u00f3 na idade \u2014 afinal foi fundada em dezembro de 2012 \u2014 mas no esp\u00edrito inovador de optar pela publica\u00e7\u00e3o de fic\u00e7\u00e3o e n\u00e3o fic\u00e7\u00e3o priorizando a qualidade, e n\u00e3o a quantidade de lan\u00e7amentos.\",\"publisher\":{\"@id\":\"https:\/\/www.bienaleditora.com.br\/site\/#organization\"},\"potentialAction\":[{\"@type\":\"SearchAction\",\"target\":{\"@type\":\"EntryPoint\",\"urlTemplate\":\"https:\/\/www.bienaleditora.com.br\/site\/?s={search_term_string}\"},\"query-input\":{\"@type\":\"PropertyValueSpecification\",\"valueRequired\":true,\"valueName\":\"search_term_string\"}}],\"inLanguage\":\"pt-BR\"},{\"@type\":\"Organization\",\"@id\":\"https:\/\/www.bienaleditora.com.br\/site\/#organization\",\"name\":\"Bienal Editora\",\"url\":\"https:\/\/www.bienaleditora.com.br\/site\/\",\"logo\":{\"@type\":\"ImageObject\",\"inLanguage\":\"pt-BR\",\"@id\":\"https:\/\/www.bienaleditora.com.br\/site\/#\/schema\/logo\/image\/\",\"url\":\"https:\/\/www.bienaleditora.com.br\/site\/wp-content\/uploads\/2014\/01\/logomarca_png.png\",\"contentUrl\":\"https:\/\/www.bienaleditora.com.br\/site\/wp-content\/uploads\/2014\/01\/logomarca_png.png\",\"width\":145,\"height\":79,\"caption\":\"Bienal Editora\"},\"image\":{\"@id\":\"https:\/\/www.bienaleditora.com.br\/site\/#\/schema\/logo\/image\/\"}}]}<\/script>\n<!-- \/ Yoast SEO plugin. -->","yoast_head_json":{"title":"Alberto Silva \u2013 Uma biografia - Bienal Editora","robots":{"index":"index","follow":"follow","max-snippet":"max-snippet:-1","max-image-preview":"max-image-preview:large","max-video-preview":"max-video-preview:-1"},"canonical":"https:\/\/www.bienaleditora.com.br\/site\/produto\/alberto-silva-uma-biografia\/","og_locale":"pt_BR","og_type":"article","og_title":"Alberto Silva \u2013 Uma biografia - Bienal Editora","og_description":"O livro \u201cAlberto Silva \u2013 Uma biografia\u201d, do jornalista e escritor Z\u00f3zimo Tavares, \u00e9 o mais novo lan\u00e7amento da Bienal Editora. O livro conta a trajet\u00f3ria profissional e pol\u00edtica do engenheiro, ex-governador e ex-senador Alberto Silva. A obra apresenta o pol\u00edtico como uma das principais personagens da vida p\u00fablica piauiense, na segunda metade do s\u00e9culo [&hellip;]","og_url":"https:\/\/www.bienaleditora.com.br\/site\/produto\/alberto-silva-uma-biografia\/","og_site_name":"Bienal Editora","article_modified_time":"2026-01-08T13:58:09+00:00","og_image":[{"width":800,"height":800,"url":"https:\/\/www.bienaleditora.com.br\/site\/wp-content\/uploads\/2013\/06\/alberto.jpg","type":"image\/jpeg"}],"twitter_card":"summary_large_image","twitter_misc":{"Est. tempo de leitura":"1 minuto"},"schema":{"@context":"https:\/\/schema.org","@graph":[{"@type":"WebPage","@id":"https:\/\/www.bienaleditora.com.br\/site\/produto\/alberto-silva-uma-biografia\/","url":"https:\/\/www.bienaleditora.com.br\/site\/produto\/alberto-silva-uma-biografia\/","name":"Alberto Silva \u2013 Uma biografia - Bienal Editora","isPartOf":{"@id":"https:\/\/www.bienaleditora.com.br\/site\/#website"},"primaryImageOfPage":{"@id":"https:\/\/www.bienaleditora.com.br\/site\/produto\/alberto-silva-uma-biografia\/#primaryimage"},"image":{"@id":"https:\/\/www.bienaleditora.com.br\/site\/produto\/alberto-silva-uma-biografia\/#primaryimage"},"thumbnailUrl":"https:\/\/www.bienaleditora.com.br\/site\/wp-content\/uploads\/2013\/06\/alberto.jpg","datePublished":"2013-06-08T14:27:38+00:00","dateModified":"2026-01-08T13:58:09+00:00","breadcrumb":{"@id":"https:\/\/www.bienaleditora.com.br\/site\/produto\/alberto-silva-uma-biografia\/#breadcrumb"},"inLanguage":"pt-BR","potentialAction":[{"@type":"ReadAction","target":["https:\/\/www.bienaleditora.com.br\/site\/produto\/alberto-silva-uma-biografia\/"]}]},{"@type":"ImageObject","inLanguage":"pt-BR","@id":"https:\/\/www.bienaleditora.com.br\/site\/produto\/alberto-silva-uma-biografia\/#primaryimage","url":"https:\/\/www.bienaleditora.com.br\/site\/wp-content\/uploads\/2013\/06\/alberto.jpg","contentUrl":"https:\/\/www.bienaleditora.com.br\/site\/wp-content\/uploads\/2013\/06\/alberto.jpg","width":800,"height":800},{"@type":"BreadcrumbList","@id":"https:\/\/www.bienaleditora.com.br\/site\/produto\/alberto-silva-uma-biografia\/#breadcrumb","itemListElement":[{"@type":"ListItem","position":1,"name":"Home","item":"https:\/\/www.bienaleditora.com.br\/site\/"},{"@type":"ListItem","position":2,"name":"Loja","item":"https:\/\/www.bienaleditora.com.br\/site\/loja\/"},{"@type":"ListItem","position":3,"name":"Alberto Silva \u2013 Uma biografia"}]},{"@type":"WebSite","@id":"https:\/\/www.bienaleditora.com.br\/site\/#website","url":"https:\/\/www.bienaleditora.com.br\/site\/","name":"Bienal Editora","description":"Uma editora jovem, n\u00e3o s\u00f3 na idade \u2014 afinal foi fundada em dezembro de 2012 \u2014 mas no esp\u00edrito inovador de optar pela publica\u00e7\u00e3o de fic\u00e7\u00e3o e n\u00e3o fic\u00e7\u00e3o priorizando a qualidade, e n\u00e3o a quantidade de lan\u00e7amentos.","publisher":{"@id":"https:\/\/www.bienaleditora.com.br\/site\/#organization"},"potentialAction":[{"@type":"SearchAction","target":{"@type":"EntryPoint","urlTemplate":"https:\/\/www.bienaleditora.com.br\/site\/?s={search_term_string}"},"query-input":{"@type":"PropertyValueSpecification","valueRequired":true,"valueName":"search_term_string"}}],"inLanguage":"pt-BR"},{"@type":"Organization","@id":"https:\/\/www.bienaleditora.com.br\/site\/#organization","name":"Bienal Editora","url":"https:\/\/www.bienaleditora.com.br\/site\/","logo":{"@type":"ImageObject","inLanguage":"pt-BR","@id":"https:\/\/www.bienaleditora.com.br\/site\/#\/schema\/logo\/image\/","url":"https:\/\/www.bienaleditora.com.br\/site\/wp-content\/uploads\/2014\/01\/logomarca_png.png","contentUrl":"https:\/\/www.bienaleditora.com.br\/site\/wp-content\/uploads\/2014\/01\/logomarca_png.png","width":145,"height":79,"caption":"Bienal Editora"},"image":{"@id":"https:\/\/www.bienaleditora.com.br\/site\/#\/schema\/logo\/image\/"}}]}},"_links":{"self":[{"href":"https:\/\/www.bienaleditora.com.br\/site\/wp-json\/wp\/v2\/product\/73","targetHints":{"allow":["GET"]}}],"collection":[{"href":"https:\/\/www.bienaleditora.com.br\/site\/wp-json\/wp\/v2\/product"}],"about":[{"href":"https:\/\/www.bienaleditora.com.br\/site\/wp-json\/wp\/v2\/types\/product"}],"replies":[{"embeddable":true,"href":"https:\/\/www.bienaleditora.com.br\/site\/wp-json\/wp\/v2\/comments?post=73"}],"wp:featuredmedia":[{"embeddable":true,"href":"https:\/\/www.bienaleditora.com.br\/site\/wp-json\/wp\/v2\/media\/3415"}],"wp:attachment":[{"href":"https:\/\/www.bienaleditora.com.br\/site\/wp-json\/wp\/v2\/media?parent=73"}],"wp:term":[{"taxonomy":"product_brand","embeddable":true,"href":"https:\/\/www.bienaleditora.com.br\/site\/wp-json\/wp\/v2\/product_brand?post=73"},{"taxonomy":"product_cat","embeddable":true,"href":"https:\/\/www.bienaleditora.com.br\/site\/wp-json\/wp\/v2\/product_cat?post=73"},{"taxonomy":"product_tag","embeddable":true,"href":"https:\/\/www.bienaleditora.com.br\/site\/wp-json\/wp\/v2\/product_tag?post=73"}],"curies":[{"name":"wp","href":"https:\/\/api.w.org\/{rel}","templated":true}]}}