{"id":76,"date":"2013-06-07T11:28:45","date_gmt":"2013-06-07T11:28:45","guid":{"rendered":"http:\/\/demo2.woothemes.com\/woocommerce\/?post_type=product&#038;p=76"},"modified":"2024-03-27T06:13:45","modified_gmt":"2024-03-27T09:13:45","slug":"atentai-bem-assim-falou-mao-santa","status":"publish","type":"product","link":"https:\/\/www.bienaleditora.com.br\/site\/produto\/atentai-bem-assim-falou-mao-santa\/","title":{"rendered":"Atentai bem! Assim falou M\u00e3o Santa"},"content":{"rendered":"<p style=\"text-align: justify;\">Escrito pelo jornalista Z\u00f3zimo Tavares e publicado em 2009, o livro tra\u00e7a a trajet\u00f3ria pol\u00edtica do senador M\u00e3o Santa, com \u00eanfase no humor. De prefeito de sua cidade natal, Parna\u00edba, no litoral do Piau\u00ed, a governador do Estado, M\u00e3o Santa destacou-se pelas suas tiradas bem-humoradas e desconcertantes. Seu momento mais luminoso foi no Senado (2003-2011), onde chegou j\u00e1 quebrando o protocolo. Ou arrombando a festa, como diria a roqueira Rita Lee, uma de suas f\u00e3s. Ass\u00edduo na tribuna e no plen\u00e1rio, ora mordaz, ora folcl\u00f3rico, ele mudou o jeito de ser do Senado. Com suas frases picantes, suas cita\u00e7\u00f5es, seus discursos quilom\u00e9tricos e seus apartes \u00e0s vezes maiores que os discursos dos oradores, alavancou a audi\u00eancia da TV Senado e se fez um nome nacional. O livro, com 200 p\u00e1ginas, mostra M\u00e3o Santa de corpo inteiro e traz tamb\u00e9m seu mil\u00e9simo discurso no Senado.<\/p>\n","protected":false},"excerpt":{"rendered":"<p>Escrito pelo jornalista Z\u00f3zimo Tavares e publicado em 2009, o livro tra\u00e7a a trajet\u00f3ria pol\u00edtica do senador M\u00e3o Santa, com \u00eanfase no humor. De prefeito de sua cidade natal, Parna\u00edba, no litoral do Piau\u00ed, a governador do Estado, M\u00e3o Santa destacou-se pelas suas tiradas bem-humoradas e desconcertantes. Seu momento mais luminoso foi no Senado (2003-2011), [&hellip;]<\/p>\n","protected":false},"featured_media":2541,"comment_status":"open","ping_status":"closed","template":"","meta":{"_acf_changed":false},"product_brand":[],"product_cat":[92],"product_tag":[],"class_list":{"0":"post-76","1":"product","2":"type-product","3":"status-publish","4":"has-post-thumbnail","6":"product_cat-humor","8":"first","9":"instock","10":"shipping-taxable","11":"purchasable","12":"product-type-simple"},"acf":[],"yoast_head":"<!-- This site is optimized with the Yoast SEO plugin v26.7 - https:\/\/yoast.com\/wordpress\/plugins\/seo\/ -->\n<title>Atentai bem! Assim falou M\u00e3o Santa - Bienal Editora<\/title>\n<meta name=\"robots\" content=\"index, follow, max-snippet:-1, max-image-preview:large, max-video-preview:-1\" \/>\n<link rel=\"canonical\" href=\"https:\/\/www.bienaleditora.com.br\/site\/produto\/atentai-bem-assim-falou-mao-santa\/\" \/>\n<meta property=\"og:locale\" content=\"pt_BR\" \/>\n<meta property=\"og:type\" content=\"article\" \/>\n<meta property=\"og:title\" content=\"Atentai bem! Assim falou M\u00e3o Santa - Bienal Editora\" \/>\n<meta property=\"og:description\" content=\"Escrito pelo jornalista Z\u00f3zimo Tavares e publicado em 2009, o livro tra\u00e7a a trajet\u00f3ria pol\u00edtica do senador M\u00e3o Santa, com \u00eanfase no humor. De prefeito de sua cidade natal, Parna\u00edba, no litoral do Piau\u00ed, a governador do Estado, M\u00e3o Santa destacou-se pelas suas tiradas bem-humoradas e desconcertantes. Seu momento mais luminoso foi no Senado (2003-2011), [&hellip;]\" \/>\n<meta property=\"og:url\" content=\"https:\/\/www.bienaleditora.com.br\/site\/produto\/atentai-bem-assim-falou-mao-santa\/\" \/>\n<meta property=\"og:site_name\" content=\"Bienal Editora\" \/>\n<meta property=\"article:modified_time\" content=\"2024-03-27T09:13:45+00:00\" \/>\n<meta property=\"og:image\" content=\"https:\/\/www.bienaleditora.com.br\/site\/wp-content\/uploads\/2013\/06\/Capa-Atentai-bem-210x299.jpg\" \/>\n\t<meta property=\"og:image:width\" content=\"210\" \/>\n\t<meta property=\"og:image:height\" content=\"299\" \/>\n\t<meta property=\"og:image:type\" content=\"image\/jpeg\" \/>\n<meta name=\"twitter:card\" content=\"summary_large_image\" \/>\n<meta name=\"twitter:label1\" content=\"Est. tempo de leitura\" \/>\n\t<meta name=\"twitter:data1\" content=\"1 minuto\" \/>\n<script type=\"application\/ld+json\" class=\"yoast-schema-graph\">{\"@context\":\"https:\/\/schema.org\",\"@graph\":[{\"@type\":\"WebPage\",\"@id\":\"https:\/\/www.bienaleditora.com.br\/site\/produto\/atentai-bem-assim-falou-mao-santa\/\",\"url\":\"https:\/\/www.bienaleditora.com.br\/site\/produto\/atentai-bem-assim-falou-mao-santa\/\",\"name\":\"Atentai bem! Assim falou M\u00e3o Santa - Bienal Editora\",\"isPartOf\":{\"@id\":\"https:\/\/www.bienaleditora.com.br\/site\/#website\"},\"primaryImageOfPage\":{\"@id\":\"https:\/\/www.bienaleditora.com.br\/site\/produto\/atentai-bem-assim-falou-mao-santa\/#primaryimage\"},\"image\":{\"@id\":\"https:\/\/www.bienaleditora.com.br\/site\/produto\/atentai-bem-assim-falou-mao-santa\/#primaryimage\"},\"thumbnailUrl\":\"https:\/\/www.bienaleditora.com.br\/site\/wp-content\/uploads\/2013\/06\/Capa-Atentai-bem-210x299.jpg\",\"datePublished\":\"2013-06-07T11:28:45+00:00\",\"dateModified\":\"2024-03-27T09:13:45+00:00\",\"breadcrumb\":{\"@id\":\"https:\/\/www.bienaleditora.com.br\/site\/produto\/atentai-bem-assim-falou-mao-santa\/#breadcrumb\"},\"inLanguage\":\"pt-BR\",\"potentialAction\":[{\"@type\":\"ReadAction\",\"target\":[\"https:\/\/www.bienaleditora.com.br\/site\/produto\/atentai-bem-assim-falou-mao-santa\/\"]}]},{\"@type\":\"ImageObject\",\"inLanguage\":\"pt-BR\",\"@id\":\"https:\/\/www.bienaleditora.com.br\/site\/produto\/atentai-bem-assim-falou-mao-santa\/#primaryimage\",\"url\":\"https:\/\/www.bienaleditora.com.br\/site\/wp-content\/uploads\/2013\/06\/Capa-Atentai-bem-210x299.jpg\",\"contentUrl\":\"https:\/\/www.bienaleditora.com.br\/site\/wp-content\/uploads\/2013\/06\/Capa-Atentai-bem-210x299.jpg\",\"width\":210,\"height\":299},{\"@type\":\"BreadcrumbList\",\"@id\":\"https:\/\/www.bienaleditora.com.br\/site\/produto\/atentai-bem-assim-falou-mao-santa\/#breadcrumb\",\"itemListElement\":[{\"@type\":\"ListItem\",\"position\":1,\"name\":\"Home\",\"item\":\"https:\/\/www.bienaleditora.com.br\/site\/\"},{\"@type\":\"ListItem\",\"position\":2,\"name\":\"Loja\",\"item\":\"https:\/\/www.bienaleditora.com.br\/site\/loja\/\"},{\"@type\":\"ListItem\",\"position\":3,\"name\":\"Atentai bem! Assim falou M\u00e3o Santa\"}]},{\"@type\":\"WebSite\",\"@id\":\"https:\/\/www.bienaleditora.com.br\/site\/#website\",\"url\":\"https:\/\/www.bienaleditora.com.br\/site\/\",\"name\":\"Bienal Editora\",\"description\":\"Uma editora jovem, n\u00e3o s\u00f3 na idade \u2014 afinal foi fundada em dezembro de 2012 \u2014 mas no esp\u00edrito inovador de optar pela publica\u00e7\u00e3o de fic\u00e7\u00e3o e n\u00e3o fic\u00e7\u00e3o priorizando a qualidade, e n\u00e3o a quantidade de lan\u00e7amentos.\",\"publisher\":{\"@id\":\"https:\/\/www.bienaleditora.com.br\/site\/#organization\"},\"potentialAction\":[{\"@type\":\"SearchAction\",\"target\":{\"@type\":\"EntryPoint\",\"urlTemplate\":\"https:\/\/www.bienaleditora.com.br\/site\/?s={search_term_string}\"},\"query-input\":{\"@type\":\"PropertyValueSpecification\",\"valueRequired\":true,\"valueName\":\"search_term_string\"}}],\"inLanguage\":\"pt-BR\"},{\"@type\":\"Organization\",\"@id\":\"https:\/\/www.bienaleditora.com.br\/site\/#organization\",\"name\":\"Bienal Editora\",\"url\":\"https:\/\/www.bienaleditora.com.br\/site\/\",\"logo\":{\"@type\":\"ImageObject\",\"inLanguage\":\"pt-BR\",\"@id\":\"https:\/\/www.bienaleditora.com.br\/site\/#\/schema\/logo\/image\/\",\"url\":\"https:\/\/www.bienaleditora.com.br\/site\/wp-content\/uploads\/2014\/01\/logomarca_png.png\",\"contentUrl\":\"https:\/\/www.bienaleditora.com.br\/site\/wp-content\/uploads\/2014\/01\/logomarca_png.png\",\"width\":145,\"height\":79,\"caption\":\"Bienal Editora\"},\"image\":{\"@id\":\"https:\/\/www.bienaleditora.com.br\/site\/#\/schema\/logo\/image\/\"}}]}<\/script>\n<!-- \/ Yoast SEO plugin. -->","yoast_head_json":{"title":"Atentai bem! Assim falou M\u00e3o Santa - Bienal Editora","robots":{"index":"index","follow":"follow","max-snippet":"max-snippet:-1","max-image-preview":"max-image-preview:large","max-video-preview":"max-video-preview:-1"},"canonical":"https:\/\/www.bienaleditora.com.br\/site\/produto\/atentai-bem-assim-falou-mao-santa\/","og_locale":"pt_BR","og_type":"article","og_title":"Atentai bem! Assim falou M\u00e3o Santa - Bienal Editora","og_description":"Escrito pelo jornalista Z\u00f3zimo Tavares e publicado em 2009, o livro tra\u00e7a a trajet\u00f3ria pol\u00edtica do senador M\u00e3o Santa, com \u00eanfase no humor. De prefeito de sua cidade natal, Parna\u00edba, no litoral do Piau\u00ed, a governador do Estado, M\u00e3o Santa destacou-se pelas suas tiradas bem-humoradas e desconcertantes. Seu momento mais luminoso foi no Senado (2003-2011), [&hellip;]","og_url":"https:\/\/www.bienaleditora.com.br\/site\/produto\/atentai-bem-assim-falou-mao-santa\/","og_site_name":"Bienal Editora","article_modified_time":"2024-03-27T09:13:45+00:00","og_image":[{"width":210,"height":299,"url":"https:\/\/www.bienaleditora.com.br\/site\/wp-content\/uploads\/2013\/06\/Capa-Atentai-bem-210x299.jpg","type":"image\/jpeg"}],"twitter_card":"summary_large_image","twitter_misc":{"Est. tempo de leitura":"1 minuto"},"schema":{"@context":"https:\/\/schema.org","@graph":[{"@type":"WebPage","@id":"https:\/\/www.bienaleditora.com.br\/site\/produto\/atentai-bem-assim-falou-mao-santa\/","url":"https:\/\/www.bienaleditora.com.br\/site\/produto\/atentai-bem-assim-falou-mao-santa\/","name":"Atentai bem! Assim falou M\u00e3o Santa - Bienal Editora","isPartOf":{"@id":"https:\/\/www.bienaleditora.com.br\/site\/#website"},"primaryImageOfPage":{"@id":"https:\/\/www.bienaleditora.com.br\/site\/produto\/atentai-bem-assim-falou-mao-santa\/#primaryimage"},"image":{"@id":"https:\/\/www.bienaleditora.com.br\/site\/produto\/atentai-bem-assim-falou-mao-santa\/#primaryimage"},"thumbnailUrl":"https:\/\/www.bienaleditora.com.br\/site\/wp-content\/uploads\/2013\/06\/Capa-Atentai-bem-210x299.jpg","datePublished":"2013-06-07T11:28:45+00:00","dateModified":"2024-03-27T09:13:45+00:00","breadcrumb":{"@id":"https:\/\/www.bienaleditora.com.br\/site\/produto\/atentai-bem-assim-falou-mao-santa\/#breadcrumb"},"inLanguage":"pt-BR","potentialAction":[{"@type":"ReadAction","target":["https:\/\/www.bienaleditora.com.br\/site\/produto\/atentai-bem-assim-falou-mao-santa\/"]}]},{"@type":"ImageObject","inLanguage":"pt-BR","@id":"https:\/\/www.bienaleditora.com.br\/site\/produto\/atentai-bem-assim-falou-mao-santa\/#primaryimage","url":"https:\/\/www.bienaleditora.com.br\/site\/wp-content\/uploads\/2013\/06\/Capa-Atentai-bem-210x299.jpg","contentUrl":"https:\/\/www.bienaleditora.com.br\/site\/wp-content\/uploads\/2013\/06\/Capa-Atentai-bem-210x299.jpg","width":210,"height":299},{"@type":"BreadcrumbList","@id":"https:\/\/www.bienaleditora.com.br\/site\/produto\/atentai-bem-assim-falou-mao-santa\/#breadcrumb","itemListElement":[{"@type":"ListItem","position":1,"name":"Home","item":"https:\/\/www.bienaleditora.com.br\/site\/"},{"@type":"ListItem","position":2,"name":"Loja","item":"https:\/\/www.bienaleditora.com.br\/site\/loja\/"},{"@type":"ListItem","position":3,"name":"Atentai bem! Assim falou M\u00e3o Santa"}]},{"@type":"WebSite","@id":"https:\/\/www.bienaleditora.com.br\/site\/#website","url":"https:\/\/www.bienaleditora.com.br\/site\/","name":"Bienal Editora","description":"Uma editora jovem, n\u00e3o s\u00f3 na idade \u2014 afinal foi fundada em dezembro de 2012 \u2014 mas no esp\u00edrito inovador de optar pela publica\u00e7\u00e3o de fic\u00e7\u00e3o e n\u00e3o fic\u00e7\u00e3o priorizando a qualidade, e n\u00e3o a quantidade de lan\u00e7amentos.","publisher":{"@id":"https:\/\/www.bienaleditora.com.br\/site\/#organization"},"potentialAction":[{"@type":"SearchAction","target":{"@type":"EntryPoint","urlTemplate":"https:\/\/www.bienaleditora.com.br\/site\/?s={search_term_string}"},"query-input":{"@type":"PropertyValueSpecification","valueRequired":true,"valueName":"search_term_string"}}],"inLanguage":"pt-BR"},{"@type":"Organization","@id":"https:\/\/www.bienaleditora.com.br\/site\/#organization","name":"Bienal Editora","url":"https:\/\/www.bienaleditora.com.br\/site\/","logo":{"@type":"ImageObject","inLanguage":"pt-BR","@id":"https:\/\/www.bienaleditora.com.br\/site\/#\/schema\/logo\/image\/","url":"https:\/\/www.bienaleditora.com.br\/site\/wp-content\/uploads\/2014\/01\/logomarca_png.png","contentUrl":"https:\/\/www.bienaleditora.com.br\/site\/wp-content\/uploads\/2014\/01\/logomarca_png.png","width":145,"height":79,"caption":"Bienal Editora"},"image":{"@id":"https:\/\/www.bienaleditora.com.br\/site\/#\/schema\/logo\/image\/"}}]}},"_links":{"self":[{"href":"https:\/\/www.bienaleditora.com.br\/site\/wp-json\/wp\/v2\/product\/76","targetHints":{"allow":["GET"]}}],"collection":[{"href":"https:\/\/www.bienaleditora.com.br\/site\/wp-json\/wp\/v2\/product"}],"about":[{"href":"https:\/\/www.bienaleditora.com.br\/site\/wp-json\/wp\/v2\/types\/product"}],"replies":[{"embeddable":true,"href":"https:\/\/www.bienaleditora.com.br\/site\/wp-json\/wp\/v2\/comments?post=76"}],"wp:featuredmedia":[{"embeddable":true,"href":"https:\/\/www.bienaleditora.com.br\/site\/wp-json\/wp\/v2\/media\/2541"}],"wp:attachment":[{"href":"https:\/\/www.bienaleditora.com.br\/site\/wp-json\/wp\/v2\/media?parent=76"}],"wp:term":[{"taxonomy":"product_brand","embeddable":true,"href":"https:\/\/www.bienaleditora.com.br\/site\/wp-json\/wp\/v2\/product_brand?post=76"},{"taxonomy":"product_cat","embeddable":true,"href":"https:\/\/www.bienaleditora.com.br\/site\/wp-json\/wp\/v2\/product_cat?post=76"},{"taxonomy":"product_tag","embeddable":true,"href":"https:\/\/www.bienaleditora.com.br\/site\/wp-json\/wp\/v2\/product_tag?post=76"}],"curies":[{"name":"wp","href":"https:\/\/api.w.org\/{rel}","templated":true}]}}