{"id":79,"date":"2013-06-07T11:29:44","date_gmt":"2013-06-07T16:29:44","guid":{"rendered":"http:\/\/demo2.woothemes.com\/woocommerce\/?post_type=product&#038;p=79"},"modified":"2026-01-08T10:58:29","modified_gmt":"2026-01-08T13:58:29","slug":"petronio-portella-uma-biografia","status":"publish","type":"product","link":"https:\/\/www.bienaleditora.com.br\/site\/produto\/petronio-portella-uma-biografia\/","title":{"rendered":"Petr\u00f4nio Portella \u2013 Uma biografia"},"content":{"rendered":"<div style=\"text-align: justify;\">O livro, escrito pelo jornalista Z\u00f3zimo Tavares e publicado em 2013, traz a trajet\u00f3ria pol\u00edtica do senador Petr\u00f4nio Portella, primeiro ministro da Justi\u00e7a no Governo Jo\u00e3o Figueiredo, o \u00faltimo do ciclo dos militares no poder. Nascido no interior do Piau\u00ed, em ber\u00e7o pobre, Petr\u00f4nio tornou-se um dos pol\u00edticos mais brilhantes de sua gera\u00e7\u00e3o. Prefeito de Teresina, governador do Piau\u00ed e senador, foi presidente do Congresso Nacional duas vezes. Morreu prematuramente aos 54 anos, empenhado na miss\u00e3o de conduzir o pa\u00eds \u00e0 democracia. Pelo papel que desempenhou na transi\u00e7\u00e3o pol\u00edtica, passou \u00e0 hist\u00f3ria como \u201carquiteto da abertura\u201d. \u00a0Seu nome era dado como certo na sucess\u00e3o do presidente Figueiredo. Em suas 265 p\u00e1ginas, o livro traz tamb\u00e9m uma reportagem hist\u00f3rica sobre 50 anos de pol\u00edtica brasileira, com \u00eanfase nos principais epis\u00f3dios ocorridos durante o regime militar.<\/div>\n","protected":false},"excerpt":{"rendered":"<div>O livro, escrito pelo jornalista Z\u00f3zimo Tavares e publicado em 2013, traz a trajet\u00f3ria pol\u00edtica do senador Petr\u00f4nio Portella, primeiro ministro da Justi\u00e7a no Governo Jo\u00e3o Figueiredo, o \u00faltimo do ciclo dos militares no poder.<\/div>\n","protected":false},"featured_media":2540,"comment_status":"open","ping_status":"closed","template":"","meta":{"_acf_changed":false},"product_brand":[],"product_cat":[93],"product_tag":[91],"class_list":{"0":"post-79","1":"product","2":"type-product","3":"status-publish","4":"has-post-thumbnail","6":"product_cat-biografias","7":"product_tag-biografia","9":"first","10":"instock","11":"shipping-taxable","12":"purchasable","13":"product-type-simple"},"acf":[],"yoast_head":"<!-- This site is optimized with the Yoast SEO plugin v26.7 - https:\/\/yoast.com\/wordpress\/plugins\/seo\/ -->\n<title>Petr\u00f4nio Portella \u2013 Uma biografia - Bienal Editora<\/title>\n<meta name=\"robots\" content=\"index, follow, max-snippet:-1, max-image-preview:large, max-video-preview:-1\" \/>\n<link rel=\"canonical\" href=\"https:\/\/www.bienaleditora.com.br\/site\/produto\/petronio-portella-uma-biografia\/\" \/>\n<meta property=\"og:locale\" content=\"pt_BR\" \/>\n<meta property=\"og:type\" content=\"article\" \/>\n<meta property=\"og:title\" content=\"Petr\u00f4nio Portella \u2013 Uma biografia - Bienal Editora\" \/>\n<meta property=\"og:description\" content=\"O livro, escrito pelo jornalista Z\u00f3zimo Tavares e publicado em 2013, traz a trajet\u00f3ria pol\u00edtica do senador Petr\u00f4nio Portella, primeiro ministro da Justi\u00e7a no Governo Jo\u00e3o Figueiredo, o \u00faltimo do ciclo dos militares no poder.\" \/>\n<meta property=\"og:url\" content=\"https:\/\/www.bienaleditora.com.br\/site\/produto\/petronio-portella-uma-biografia\/\" \/>\n<meta property=\"og:site_name\" content=\"Bienal Editora\" \/>\n<meta property=\"article:modified_time\" content=\"2026-01-08T13:58:29+00:00\" \/>\n<meta property=\"og:image\" content=\"https:\/\/www.bienaleditora.com.br\/site\/wp-content\/uploads\/2013\/06\/CAPA-PP-uma-biografia-210x299.jpg\" \/>\n\t<meta property=\"og:image:width\" content=\"210\" \/>\n\t<meta property=\"og:image:height\" content=\"299\" \/>\n\t<meta property=\"og:image:type\" content=\"image\/jpeg\" \/>\n<meta name=\"twitter:card\" content=\"summary_large_image\" \/>\n<meta name=\"twitter:label1\" content=\"Est. tempo de leitura\" \/>\n\t<meta name=\"twitter:data1\" content=\"1 minuto\" \/>\n<script type=\"application\/ld+json\" class=\"yoast-schema-graph\">{\"@context\":\"https:\/\/schema.org\",\"@graph\":[{\"@type\":\"WebPage\",\"@id\":\"https:\/\/www.bienaleditora.com.br\/site\/produto\/petronio-portella-uma-biografia\/\",\"url\":\"https:\/\/www.bienaleditora.com.br\/site\/produto\/petronio-portella-uma-biografia\/\",\"name\":\"Petr\u00f4nio Portella \u2013 Uma biografia - Bienal Editora\",\"isPartOf\":{\"@id\":\"https:\/\/www.bienaleditora.com.br\/site\/#website\"},\"primaryImageOfPage\":{\"@id\":\"https:\/\/www.bienaleditora.com.br\/site\/produto\/petronio-portella-uma-biografia\/#primaryimage\"},\"image\":{\"@id\":\"https:\/\/www.bienaleditora.com.br\/site\/produto\/petronio-portella-uma-biografia\/#primaryimage\"},\"thumbnailUrl\":\"https:\/\/www.bienaleditora.com.br\/site\/wp-content\/uploads\/2013\/06\/CAPA-PP-uma-biografia-210x299.jpg\",\"datePublished\":\"2013-06-07T16:29:44+00:00\",\"dateModified\":\"2026-01-08T13:58:29+00:00\",\"breadcrumb\":{\"@id\":\"https:\/\/www.bienaleditora.com.br\/site\/produto\/petronio-portella-uma-biografia\/#breadcrumb\"},\"inLanguage\":\"pt-BR\",\"potentialAction\":[{\"@type\":\"ReadAction\",\"target\":[\"https:\/\/www.bienaleditora.com.br\/site\/produto\/petronio-portella-uma-biografia\/\"]}]},{\"@type\":\"ImageObject\",\"inLanguage\":\"pt-BR\",\"@id\":\"https:\/\/www.bienaleditora.com.br\/site\/produto\/petronio-portella-uma-biografia\/#primaryimage\",\"url\":\"https:\/\/www.bienaleditora.com.br\/site\/wp-content\/uploads\/2013\/06\/CAPA-PP-uma-biografia-210x299.jpg\",\"contentUrl\":\"https:\/\/www.bienaleditora.com.br\/site\/wp-content\/uploads\/2013\/06\/CAPA-PP-uma-biografia-210x299.jpg\",\"width\":210,\"height\":299},{\"@type\":\"BreadcrumbList\",\"@id\":\"https:\/\/www.bienaleditora.com.br\/site\/produto\/petronio-portella-uma-biografia\/#breadcrumb\",\"itemListElement\":[{\"@type\":\"ListItem\",\"position\":1,\"name\":\"Home\",\"item\":\"https:\/\/www.bienaleditora.com.br\/site\/\"},{\"@type\":\"ListItem\",\"position\":2,\"name\":\"Loja\",\"item\":\"https:\/\/www.bienaleditora.com.br\/site\/loja\/\"},{\"@type\":\"ListItem\",\"position\":3,\"name\":\"Petr\u00f4nio Portella \u2013 Uma biografia\"}]},{\"@type\":\"WebSite\",\"@id\":\"https:\/\/www.bienaleditora.com.br\/site\/#website\",\"url\":\"https:\/\/www.bienaleditora.com.br\/site\/\",\"name\":\"Bienal Editora\",\"description\":\"Uma editora jovem, n\u00e3o s\u00f3 na idade \u2014 afinal foi fundada em dezembro de 2012 \u2014 mas no esp\u00edrito inovador de optar pela publica\u00e7\u00e3o de fic\u00e7\u00e3o e n\u00e3o fic\u00e7\u00e3o priorizando a qualidade, e n\u00e3o a quantidade de lan\u00e7amentos.\",\"publisher\":{\"@id\":\"https:\/\/www.bienaleditora.com.br\/site\/#organization\"},\"potentialAction\":[{\"@type\":\"SearchAction\",\"target\":{\"@type\":\"EntryPoint\",\"urlTemplate\":\"https:\/\/www.bienaleditora.com.br\/site\/?s={search_term_string}\"},\"query-input\":{\"@type\":\"PropertyValueSpecification\",\"valueRequired\":true,\"valueName\":\"search_term_string\"}}],\"inLanguage\":\"pt-BR\"},{\"@type\":\"Organization\",\"@id\":\"https:\/\/www.bienaleditora.com.br\/site\/#organization\",\"name\":\"Bienal Editora\",\"url\":\"https:\/\/www.bienaleditora.com.br\/site\/\",\"logo\":{\"@type\":\"ImageObject\",\"inLanguage\":\"pt-BR\",\"@id\":\"https:\/\/www.bienaleditora.com.br\/site\/#\/schema\/logo\/image\/\",\"url\":\"https:\/\/www.bienaleditora.com.br\/site\/wp-content\/uploads\/2014\/01\/logomarca_png.png\",\"contentUrl\":\"https:\/\/www.bienaleditora.com.br\/site\/wp-content\/uploads\/2014\/01\/logomarca_png.png\",\"width\":145,\"height\":79,\"caption\":\"Bienal Editora\"},\"image\":{\"@id\":\"https:\/\/www.bienaleditora.com.br\/site\/#\/schema\/logo\/image\/\"}}]}<\/script>\n<!-- \/ Yoast SEO plugin. -->","yoast_head_json":{"title":"Petr\u00f4nio Portella \u2013 Uma biografia - Bienal Editora","robots":{"index":"index","follow":"follow","max-snippet":"max-snippet:-1","max-image-preview":"max-image-preview:large","max-video-preview":"max-video-preview:-1"},"canonical":"https:\/\/www.bienaleditora.com.br\/site\/produto\/petronio-portella-uma-biografia\/","og_locale":"pt_BR","og_type":"article","og_title":"Petr\u00f4nio Portella \u2013 Uma biografia - Bienal Editora","og_description":"O livro, escrito pelo jornalista Z\u00f3zimo Tavares e publicado em 2013, traz a trajet\u00f3ria pol\u00edtica do senador Petr\u00f4nio Portella, primeiro ministro da Justi\u00e7a no Governo Jo\u00e3o Figueiredo, o \u00faltimo do ciclo dos militares no poder.","og_url":"https:\/\/www.bienaleditora.com.br\/site\/produto\/petronio-portella-uma-biografia\/","og_site_name":"Bienal Editora","article_modified_time":"2026-01-08T13:58:29+00:00","og_image":[{"width":210,"height":299,"url":"https:\/\/www.bienaleditora.com.br\/site\/wp-content\/uploads\/2013\/06\/CAPA-PP-uma-biografia-210x299.jpg","type":"image\/jpeg"}],"twitter_card":"summary_large_image","twitter_misc":{"Est. tempo de leitura":"1 minuto"},"schema":{"@context":"https:\/\/schema.org","@graph":[{"@type":"WebPage","@id":"https:\/\/www.bienaleditora.com.br\/site\/produto\/petronio-portella-uma-biografia\/","url":"https:\/\/www.bienaleditora.com.br\/site\/produto\/petronio-portella-uma-biografia\/","name":"Petr\u00f4nio Portella \u2013 Uma biografia - Bienal Editora","isPartOf":{"@id":"https:\/\/www.bienaleditora.com.br\/site\/#website"},"primaryImageOfPage":{"@id":"https:\/\/www.bienaleditora.com.br\/site\/produto\/petronio-portella-uma-biografia\/#primaryimage"},"image":{"@id":"https:\/\/www.bienaleditora.com.br\/site\/produto\/petronio-portella-uma-biografia\/#primaryimage"},"thumbnailUrl":"https:\/\/www.bienaleditora.com.br\/site\/wp-content\/uploads\/2013\/06\/CAPA-PP-uma-biografia-210x299.jpg","datePublished":"2013-06-07T16:29:44+00:00","dateModified":"2026-01-08T13:58:29+00:00","breadcrumb":{"@id":"https:\/\/www.bienaleditora.com.br\/site\/produto\/petronio-portella-uma-biografia\/#breadcrumb"},"inLanguage":"pt-BR","potentialAction":[{"@type":"ReadAction","target":["https:\/\/www.bienaleditora.com.br\/site\/produto\/petronio-portella-uma-biografia\/"]}]},{"@type":"ImageObject","inLanguage":"pt-BR","@id":"https:\/\/www.bienaleditora.com.br\/site\/produto\/petronio-portella-uma-biografia\/#primaryimage","url":"https:\/\/www.bienaleditora.com.br\/site\/wp-content\/uploads\/2013\/06\/CAPA-PP-uma-biografia-210x299.jpg","contentUrl":"https:\/\/www.bienaleditora.com.br\/site\/wp-content\/uploads\/2013\/06\/CAPA-PP-uma-biografia-210x299.jpg","width":210,"height":299},{"@type":"BreadcrumbList","@id":"https:\/\/www.bienaleditora.com.br\/site\/produto\/petronio-portella-uma-biografia\/#breadcrumb","itemListElement":[{"@type":"ListItem","position":1,"name":"Home","item":"https:\/\/www.bienaleditora.com.br\/site\/"},{"@type":"ListItem","position":2,"name":"Loja","item":"https:\/\/www.bienaleditora.com.br\/site\/loja\/"},{"@type":"ListItem","position":3,"name":"Petr\u00f4nio Portella \u2013 Uma biografia"}]},{"@type":"WebSite","@id":"https:\/\/www.bienaleditora.com.br\/site\/#website","url":"https:\/\/www.bienaleditora.com.br\/site\/","name":"Bienal Editora","description":"Uma editora jovem, n\u00e3o s\u00f3 na idade \u2014 afinal foi fundada em dezembro de 2012 \u2014 mas no esp\u00edrito inovador de optar pela publica\u00e7\u00e3o de fic\u00e7\u00e3o e n\u00e3o fic\u00e7\u00e3o priorizando a qualidade, e n\u00e3o a quantidade de lan\u00e7amentos.","publisher":{"@id":"https:\/\/www.bienaleditora.com.br\/site\/#organization"},"potentialAction":[{"@type":"SearchAction","target":{"@type":"EntryPoint","urlTemplate":"https:\/\/www.bienaleditora.com.br\/site\/?s={search_term_string}"},"query-input":{"@type":"PropertyValueSpecification","valueRequired":true,"valueName":"search_term_string"}}],"inLanguage":"pt-BR"},{"@type":"Organization","@id":"https:\/\/www.bienaleditora.com.br\/site\/#organization","name":"Bienal Editora","url":"https:\/\/www.bienaleditora.com.br\/site\/","logo":{"@type":"ImageObject","inLanguage":"pt-BR","@id":"https:\/\/www.bienaleditora.com.br\/site\/#\/schema\/logo\/image\/","url":"https:\/\/www.bienaleditora.com.br\/site\/wp-content\/uploads\/2014\/01\/logomarca_png.png","contentUrl":"https:\/\/www.bienaleditora.com.br\/site\/wp-content\/uploads\/2014\/01\/logomarca_png.png","width":145,"height":79,"caption":"Bienal Editora"},"image":{"@id":"https:\/\/www.bienaleditora.com.br\/site\/#\/schema\/logo\/image\/"}}]}},"_links":{"self":[{"href":"https:\/\/www.bienaleditora.com.br\/site\/wp-json\/wp\/v2\/product\/79","targetHints":{"allow":["GET"]}}],"collection":[{"href":"https:\/\/www.bienaleditora.com.br\/site\/wp-json\/wp\/v2\/product"}],"about":[{"href":"https:\/\/www.bienaleditora.com.br\/site\/wp-json\/wp\/v2\/types\/product"}],"replies":[{"embeddable":true,"href":"https:\/\/www.bienaleditora.com.br\/site\/wp-json\/wp\/v2\/comments?post=79"}],"wp:featuredmedia":[{"embeddable":true,"href":"https:\/\/www.bienaleditora.com.br\/site\/wp-json\/wp\/v2\/media\/2540"}],"wp:attachment":[{"href":"https:\/\/www.bienaleditora.com.br\/site\/wp-json\/wp\/v2\/media?parent=79"}],"wp:term":[{"taxonomy":"product_brand","embeddable":true,"href":"https:\/\/www.bienaleditora.com.br\/site\/wp-json\/wp\/v2\/product_brand?post=79"},{"taxonomy":"product_cat","embeddable":true,"href":"https:\/\/www.bienaleditora.com.br\/site\/wp-json\/wp\/v2\/product_cat?post=79"},{"taxonomy":"product_tag","embeddable":true,"href":"https:\/\/www.bienaleditora.com.br\/site\/wp-json\/wp\/v2\/product_tag?post=79"}],"curies":[{"name":"wp","href":"https:\/\/api.w.org\/{rel}","templated":true}]}}